{"id":3824,"date":"2026-04-07T14:18:32","date_gmt":"2026-04-07T14:18:32","guid":{"rendered":"https:\/\/www.kilianrabinad.com\/product\/el-dux-de-venecia-es\/"},"modified":"2026-04-07T14:19:09","modified_gmt":"2026-04-07T14:19:09","slug":"el-dux-de-venecia-es","status":"publish","type":"product","link":"https:\/\/www.kilianrabinad.com\/es\/producto\/el-dux-de-venecia-es\/","title":{"rendered":"EL DUX DE VENECIA"},"content":{"rendered":"<p>A lo largo de los siglos, Venecia se transform\u00f3 en un importante enclave comercial, convirti\u00e9ndose en un puente entre Europa y Oriente, gracias a su ubicaci\u00f3n estrat\u00e9gica en el Mar Adri\u00e1tico, controlando el mercado de especias, seda y esclavos. La ciudad evolucion\u00f3 de un asentamiento bizantino, nutrido de habitantes que hu\u00edan de las invasiones b\u00e1rbaras y que hallaban refugio en los islotes de la laguna, hasta convertirse en una poderosa rep\u00fablica mar\u00edtima independiente, reconocida como \u00abLa Serenissima\u00bb, que domin\u00f3 el comercio mediterr\u00e1neo y la Ruta de la Seda hasta su declive en 1797, con la invasi\u00f3n de Napole\u00f3n. Venecia se organizaba, hasta entonces, durante mil a\u00f1os, como una ciudad-estado, con un sistema de gobierno liderado por un dux o doge, cuyo cargo encarnaba la continuidad, as\u00ed como el s\u00edmbolo de la soberan\u00eda y la independencia de la Rep\u00fablica de Venecia.<\/p>\n<p>A la vista de la secuencia de las espeluznantes fotograf\u00edas del cuerpo mutilado que los carabinieri le mostraban al profesor Lambert, este, no pod\u00eda dar cr\u00e9dito que el cuerpo decapitado encontrado en las escalinatas del Palazzo Ducal, fuese precisamente, el del marescialli Pietro Matteo Faliero, del Gruppo Investigazione Criminalit\u00e0 Organizzata, con quien el profesor hab\u00eda coincidido el d\u00eda antes. Resulta curioso, cuando menos, o quiz\u00e1s una mera macabra coincidencia, el hecho de que Marino Faliero, dux de Venecia en 1355, fuese decapitado en el mismo sitio y mutilado en p\u00fablico como escarmiento.<\/p>\n","protected":false},"excerpt":{"rendered":"<p>Cuarta entrega de la saga del profesor Vincent Lambert. La Rep\u00fablica de Venecia, \u00abLa Serenissima\u00bb, fue durante m\u00e1s de mil a\u00f1os una poderosa ciudad-estado gobernada por un dux. Un cuerpo decapitado en las escalinatas del Palazzo Ducal arrastrar\u00e1 al profesor Lambert hasta el coraz\u00f3n de una conspiraci\u00f3n que hunde sus ra\u00edces en los m\u00e1s oscuros secretos de la historia veneciana, donde nada es lo que parece.<\/p>\n","protected":false},"featured_media":3817,"template":"","meta":{"inline_featured_image":false},"product_brand":[],"product_cat":[212,213],"product_tag":[],"class_list":{"0":"post-3824","1":"product","2":"type-product","3":"status-publish","4":"has-post-thumbnail","6":"product_cat-novella-dintriga-i-suspens","7":"product_cat-thriller-2","9":"first","10":"onbackorder","11":"shipping-taxable","12":"product-type-simple"},"_links":{"self":[{"href":"https:\/\/www.kilianrabinad.com\/es\/wp-json\/wp\/v2\/product\/3824","targetHints":{"allow":["GET"]}}],"collection":[{"href":"https:\/\/www.kilianrabinad.com\/es\/wp-json\/wp\/v2\/product"}],"about":[{"href":"https:\/\/www.kilianrabinad.com\/es\/wp-json\/wp\/v2\/types\/product"}],"wp:featuredmedia":[{"embeddable":true,"href":"https:\/\/www.kilianrabinad.com\/es\/wp-json\/wp\/v2\/media\/3817"}],"wp:attachment":[{"href":"https:\/\/www.kilianrabinad.com\/es\/wp-json\/wp\/v2\/media?parent=3824"}],"wp:term":[{"taxonomy":"product_brand","embeddable":true,"href":"https:\/\/www.kilianrabinad.com\/es\/wp-json\/wp\/v2\/product_brand?post=3824"},{"taxonomy":"product_cat","embeddable":true,"href":"https:\/\/www.kilianrabinad.com\/es\/wp-json\/wp\/v2\/product_cat?post=3824"},{"taxonomy":"product_tag","embeddable":true,"href":"https:\/\/www.kilianrabinad.com\/es\/wp-json\/wp\/v2\/product_tag?post=3824"}],"curies":[{"name":"wp","href":"https:\/\/api.w.org\/{rel}","templated":true}]}}