{"id":3823,"date":"2026-04-07T14:18:31","date_gmt":"2026-04-07T14:18:31","guid":{"rendered":"https:\/\/www.kilianrabinad.com\/product\/codex-gigas-es\/"},"modified":"2026-04-07T14:19:08","modified_gmt":"2026-04-07T14:19:08","slug":"codex-gigas-es","status":"publish","type":"product","link":"https:\/\/www.kilianrabinad.com\/es\/producto\/codex-gigas-es\/","title":{"rendered":"C\u00d3DEX GIGAS"},"content":{"rendered":"<p>El traslado en septiembre de 2007 del C\u00f3dex Gigas, conocido como la \u00abBiblia del Diablo\u00bb desde la Biblioteca Nacional de Estocolmo, al Klementinum de Praga, se produjo bajo estrictas medidas de seguridad. El C\u00f3dex Gigas, que data de principios del siglo XIII, no solamente es considerado como el manuscrito medieval m\u00e1s grande del mundo, sino que alberga, en sus m\u00e1s de seiscientas p\u00e1ginas, menesteres de ciencia y magia, donde cada ilustraci\u00f3n supone un portal a un conocimiento que oscila entre lo divino y lo prohibido. Tras trescientos cincuenta y ocho a\u00f1os en Suecia, la Biblioteca Nacional de Praga, acoger\u00eda el C\u00f3dex para una exposici\u00f3n temporal, desde septiembre de 2007 hasta marzo de 2008, marcando su retorno desde que fuera tomado como bot\u00edn de guerra por las tropas suecas, al final de la Guerra de los Treinta A\u00f1os.<\/p>\n<p>La llamada que recibi\u00f3 el profesor Lambert en su despacho de La Sorbonne no fue casual. Su compa\u00f1ero de facultad, Konr\u00e1d Step\u00e1nek, director general de la Biblioteca Nacional, fue hallado sin vida, por una pareja de turistas belgas que, ajenos a todo, madrugaron para poder ser los primeros en subir a la torre del reloj astron\u00f3mico de Praga. El cuerpo, sentado, amordazado y atado de pies y manos a una silla, lo hab\u00edan torturado y cegado de una forma atroz; lo que supon\u00eda la recreaci\u00f3n de la escena de un crimen, cometido muchos a\u00f1os atr\u00e1s.<\/p>\n","protected":false},"excerpt":{"rendered":"<p>Tercera entrega de la saga del profesor Vincent Lambert. El C\u00f3dex Gigas, conocido como la \u00abBiblia del Diablo\u00bb, es el manuscrito medieval m\u00e1s grande del mundo. Su traslado temporal de Estocolmo a Praga desencadena una serie de acontecimientos que arrastrar\u00e1n de nuevo al profesor Lambert a un peligroso juego de intrigas y cr\u00edmenes, donde cada pista le acerca un poco m\u00e1s a la verdad de un crimen cometido muchos siglos atr\u00e1s.<\/p>\n","protected":false},"featured_media":3815,"template":"","meta":{"inline_featured_image":false},"product_brand":[],"product_cat":[212,213],"product_tag":[],"class_list":{"0":"post-3823","1":"product","2":"type-product","3":"status-publish","4":"has-post-thumbnail","6":"product_cat-novella-dintriga-i-suspens","7":"product_cat-thriller-2","9":"first","10":"onbackorder","11":"shipping-taxable","12":"product-type-simple"},"_links":{"self":[{"href":"https:\/\/www.kilianrabinad.com\/es\/wp-json\/wp\/v2\/product\/3823","targetHints":{"allow":["GET"]}}],"collection":[{"href":"https:\/\/www.kilianrabinad.com\/es\/wp-json\/wp\/v2\/product"}],"about":[{"href":"https:\/\/www.kilianrabinad.com\/es\/wp-json\/wp\/v2\/types\/product"}],"wp:featuredmedia":[{"embeddable":true,"href":"https:\/\/www.kilianrabinad.com\/es\/wp-json\/wp\/v2\/media\/3815"}],"wp:attachment":[{"href":"https:\/\/www.kilianrabinad.com\/es\/wp-json\/wp\/v2\/media?parent=3823"}],"wp:term":[{"taxonomy":"product_brand","embeddable":true,"href":"https:\/\/www.kilianrabinad.com\/es\/wp-json\/wp\/v2\/product_brand?post=3823"},{"taxonomy":"product_cat","embeddable":true,"href":"https:\/\/www.kilianrabinad.com\/es\/wp-json\/wp\/v2\/product_cat?post=3823"},{"taxonomy":"product_tag","embeddable":true,"href":"https:\/\/www.kilianrabinad.com\/es\/wp-json\/wp\/v2\/product_tag?post=3823"}],"curies":[{"name":"wp","href":"https:\/\/api.w.org\/{rel}","templated":true}]}}