{"id":121,"date":"2023-04-01T10:00:00","date_gmt":"2023-04-01T10:00:00","guid":{"rendered":"https:\/\/kilianrabinad.com\/?post_type=product&#038;p=121"},"modified":"2026-04-07T10:51:27","modified_gmt":"2026-04-07T10:51:27","slug":"codex-vaticanvs","status":"publish","type":"product","link":"https:\/\/www.kilianrabinad.com\/es\/producto\/codex-vaticanvs\/","title":{"rendered":"CODEX VATICANVS"},"content":{"rendered":"<p>El profesor Vincent Lambert es v\u00edctima de chantaje y de extorsi\u00f3n, nuevamente a manos del perturbado y enajenado suizo Herr Wolfgang Klaus Schr\u00f6eder. En esta ocasi\u00f3n, le pide que le consiga el manuscrito del C\u00f3dex Vaticanvs, sito en la Biblioteca Apost\u00f3lica Vaticana, en la Ciudad del Vaticano, en Roma. Dos vidas, aparte de la suya propia corren peligro, en el caso que el profesor titular del departamento de Econom\u00eda de La Sorbonne de Paris, decida no satisfacer las pretensiones del Procurator de la Die Mannschaft. Para demostrarle que, con la Die Mannschaft las cosas van en serio, la ciudad de Florencia se despierta, en un d\u00eda de niebla espesa, con un cuerpo brutalmente mutilado colgado en el Puente Vecchio. Domenico Peruzzi, prefecto de la gendarmer\u00eda italiana, descubre en el interior de uno de los bolsillos del abrigo del cad\u00e1ver, una nota manuscrita que incrimina y relaciona directamente al profesor Lambert con el asesinato de la v\u00edctima. Al profesor Vincent Lambert se le presenta de nuevo, una nueva variable con la que lidiar, a la ya compleja ecuaci\u00f3n que sostiene y que deber\u00e1 resolver, necesariamente.<\/p>\n","protected":false},"excerpt":{"rendered":"<p>Una novela de intriga y de suspense. En esta segunda entrega, se esclarecer\u00e1n definitivamente aquellas sombras que quedaron latentes en la primera entrega del Codex Sinaiticvs, y se terminar\u00e1n de cerrar las puertas que quedaron entreabiertas en el primer libro. Otra vez, la Die Mannschaft volver\u00e1 a cruzarse en el camino del profesor Vincent Lambert, que deber\u00e1 hallar las respuestas y las soluciones necesarias en sendas visitas a Florencia, la capital de la regi\u00f3n de la Toscana italiana, y a la Biblioteca Apost\u00f3lica Vaticana, sita en la Ciudad del Vaticano, en Roma.<\/p>\n","protected":false},"featured_media":3172,"template":"","meta":{"inline_featured_image":false},"product_brand":[],"product_cat":[211,210],"product_tag":[],"class_list":{"0":"post-121","1":"product","2":"type-product","3":"status-publish","4":"has-post-thumbnail","6":"product_cat-novela-de-intriga-y-suspense","7":"product_cat-thriller","9":"first","10":"outofstock","11":"shipping-taxable","12":"product-type-simple"},"_links":{"self":[{"href":"https:\/\/www.kilianrabinad.com\/es\/wp-json\/wp\/v2\/product\/121","targetHints":{"allow":["GET"]}}],"collection":[{"href":"https:\/\/www.kilianrabinad.com\/es\/wp-json\/wp\/v2\/product"}],"about":[{"href":"https:\/\/www.kilianrabinad.com\/es\/wp-json\/wp\/v2\/types\/product"}],"wp:featuredmedia":[{"embeddable":true,"href":"https:\/\/www.kilianrabinad.com\/es\/wp-json\/wp\/v2\/media\/3172"}],"wp:attachment":[{"href":"https:\/\/www.kilianrabinad.com\/es\/wp-json\/wp\/v2\/media?parent=121"}],"wp:term":[{"taxonomy":"product_brand","embeddable":true,"href":"https:\/\/www.kilianrabinad.com\/es\/wp-json\/wp\/v2\/product_brand?post=121"},{"taxonomy":"product_cat","embeddable":true,"href":"https:\/\/www.kilianrabinad.com\/es\/wp-json\/wp\/v2\/product_cat?post=121"},{"taxonomy":"product_tag","embeddable":true,"href":"https:\/\/www.kilianrabinad.com\/es\/wp-json\/wp\/v2\/product_tag?post=121"}],"curies":[{"name":"wp","href":"https:\/\/api.w.org\/{rel}","templated":true}]}}