{"id":3147,"date":"2018-11-13T07:48:52","date_gmt":"2018-11-13T07:48:52","guid":{"rendered":"https:\/\/www.kilianrabinad.com\/llibres\/"},"modified":"2026-03-23T08:42:14","modified_gmt":"2026-03-23T08:42:14","slug":"libros","status":"publish","type":"page","link":"https:\/\/www.kilianrabinad.com\/es\/libros\/","title":{"rendered":"Libros"},"content":{"rendered":"<div class=\"wpb-content-wrapper\"><p>[vc_row css=\u00bb.vc_custom_1542182021570{background-color: #ffffff !important;}\u00bb][vc_column offset=\u00bbvc_col-lg-offset-2 vc_col-lg-8 vc_col-md-offset-1 vc_col-md-10&#8243;][gsf_space desktop=\u00bb50&#8243; tablet=\u00bb50&#8243; tablet_portrait=\u00bb50&#8243; mobile_landscape=\u00bb50&#8243; mobile=\u00bb50&#8243;][vc_single_image image=\u00bb2575&#8243; img_size=\u00bb150&#8243; alignment=\u00bbcenter\u00bb css=\u00bb.vc_custom_1677769067391{margin-bottom: 35px !important;}\u00bb][gsf_heading layout_style=\u00bbstyle-4&#8243; title=\u00bbRWwlMjBwZXJxdSVDMyVBOCUyMGRlbHMlMjBDJUMzJUIyZGV4&#8243; title_color=\u00bb#333333&#8243; title_line_height=\u00bb1.4&#8243; sub_title_font_size=\u00bb18&#8243; sub_title_letter_spacing=\u00bb5px\u00bb sub_title_use_theme_fonts=\u00bb\u00bb title_font_size_lg=\u00bb48&#8243; title_font_size_md=\u00bb40&#8243; title_font_size_sm=\u00bb34&#8243; title_font_size_mb=\u00bb28&#8243; sub_title=\u00bbCODEX SINAITICVS | CODEX VATICANVS<br \/>C\u00d3DEX GIGAS | EL DUX DE VENECIA\u00bb css=\u00bb.vc_custom_1677769252640{margin-bottom: 22px !important;}\u00bb][vc_column_text]<\/p>\n<p class=\"fs-15\" style=\"color: #7e7e7e; text-align: left;\">Ambos Codex me han servido de hilo conductor de la historia y la trama que hay narrada en cada uno de ellos. Ciertamente, en el mundo, debe de haber personajes como Herr Wolfgang Klaus Schr\u00f6eder que se creen capaces de todo, as\u00ed como tambi\u00e9n personajes como el profesor Vincent Lambert, de La Sorbonne de Par\u00eds, con quien me identifico plenamente. Conocer sitios y lugares y sobretodo redescubrirlos, aunque sea desde otro punto de vista, en darme cuenta de detalles y aspectos que anteriormente me hab\u00edan pasado totalmente desapercibidos; encontrarme con buen gente y por descontado, hallar la inspiraci\u00f3n y la fuerza de voluntad para que a partir de unas ideas primarias, mal anotadas y desordenadas en un cuaderno de espiral, como si fueran un borrador, poder construir una historia cre\u00edble, es lo que me ha motivado, desde un primer momento a escribir p\u00e1ginas y p\u00e1ginas&#8230; El resultado de todo este trabajo, es el que encontrar\u00e9is en estos t\u00edtulos.<\/p>\n<p>[\/vc_column_text][gsf_space desktop=\u00bb90&#8243; tablet=\u00bb70&#8243; tablet_portrait=\u00bb60&#8243; mobile_landscape=\u00bb50&#8243; mobile=\u00bb40&#8243;][\/vc_column][\/vc_row][vc_row el_class=\u00bbmd-clear-bg\u00bb css=\u00bb.vc_custom_1681853271356{background: #f4f3ec url(https:\/\/www.kilianrabinad.com\/wp-content\/uploads\/2023\/04\/IMG_2879.jpg?id=3569) !important;background-position: center !important;background-repeat: no-repeat !important;background-size: cover !important;}\u00bb][vc_column offset=\u00bbvc_col-lg-5 vc_col-md-6&#8243;][gsf_space desktop=\u00bb140&#8243; tablet=\u00bb120&#8243; tablet_portrait=\u00bb100&#8243; mobile_landscape=\u00bb80&#8243; mobile=\u00bb70&#8243;][gsf_product_singular product_id=\u00bb125&#8243;][gsf_space desktop=\u00bb40&#8243; tablet=\u00bb30&#8243; tablet_portrait=\u00bb20&#8243; mobile_landscape=\u00bb20&#8243; mobile=\u00bb20&#8243;][\/vc_column][vc_column width=\u00bb1\/2&#8243;][\/vc_column][\/vc_row][vc_row content_placement=\u00bbmiddle\u00bb css=\u00bb.vc_custom_1744020003000{background-color: #f4f3ec !important;}\u00bb][vc_column el_class=\u00bbsm-mg-bottom-40&#8243; width=\u00bb1\/2&#8243; offset=\u00bbvc_col-md-5&#8243;][gsf_space desktop=\u00bb60&#8243; tablet=\u00bb50&#8243; tablet_portrait=\u00bb40&#8243; mobile_landscape=\u00bb30&#8243; mobile=\u00bb20&#8243;][gsf_product_singular product_id=\u00bb121&#8243;][gsf_space desktop=\u00bb20&#8243; tablet=\u00bb20&#8243; tablet_portrait=\u00bb20&#8243; mobile_landscape=\u00bb20&#8243; mobile=\u00bb20&#8243;][\/vc_column][vc_column width=\u00bb1\/2&#8243; offset=\u00bbvc_col-md-offset-1&#8243;][gsf_space desktop=\u00bb60&#8243; tablet=\u00bb50&#8243; tablet_portrait=\u00bb40&#8243; mobile_landscape=\u00bb30&#8243; mobile=\u00bb20&#8243;][vc_single_image image=\u00bb3499&#8243; img_size=\u00bb500&#215;620&#8243; alignment=\u00bbcenter\u00bb css=\u00bb.vc_custom_1744020003001{padding-bottom: 30px !important;}\u00bb][\/vc_column][\/vc_row][vc_row content_placement=\u00bbmiddle\u00bb css=\u00bb.vc_custom_1744020004000{background-color: #f4f3ec !important;}\u00bb][vc_column el_class=\u00bbsm-mg-bottom-40&#8243; width=\u00bb1\/2&#8243; offset=\u00bbvc_col-md-5&#8243;][gsf_space desktop=\u00bb60&#8243; tablet=\u00bb50&#8243; tablet_portrait=\u00bb40&#8243; mobile_landscape=\u00bb30&#8243; mobile=\u00bb20&#8243;][gsf_product_singular product_id=\u00bb3813&#8243;][gsf_space desktop=\u00bb20&#8243; tablet=\u00bb20&#8243; tablet_portrait=\u00bb20&#8243; mobile_landscape=\u00bb20&#8243; mobile=\u00bb20&#8243;][\/vc_column][vc_column width=\u00bb1\/2&#8243; offset=\u00bbvc_col-md-offset-1&#8243;][gsf_space desktop=\u00bb60&#8243; tablet=\u00bb50&#8243; tablet_portrait=\u00bb40&#8243; mobile_landscape=\u00bb30&#8243; mobile=\u00bb20&#8243;][vc_single_image image=\u00bb3819&#8243; img_size=\u00bb500&#215;620&#8243; alignment=\u00bbcenter\u00bb css=\u00bb.vc_custom_1744020004001{padding-bottom: 30px !important;}\u00bb][\/vc_column][\/vc_row][vc_row content_placement=\u00bbmiddle\u00bb css=\u00bb.vc_custom_1744020005000{background-color: #f4f3ec !important;}\u00bb][vc_column el_class=\u00bbsm-mg-bottom-40&#8243; width=\u00bb1\/2&#8243; offset=\u00bbvc_col-md-5&#8243;][gsf_space desktop=\u00bb60&#8243; tablet=\u00bb50&#8243; tablet_portrait=\u00bb40&#8243; mobile_landscape=\u00bb30&#8243; mobile=\u00bb20&#8243;][gsf_product_singular product_id=\u00bb3814&#8243;][gsf_space desktop=\u00bb20&#8243; tablet=\u00bb20&#8243; tablet_portrait=\u00bb20&#8243; mobile_landscape=\u00bb20&#8243; mobile=\u00bb20&#8243;][\/vc_column][vc_column width=\u00bb1\/2&#8243; offset=\u00bbvc_col-md-offset-1&#8243;][gsf_space desktop=\u00bb60&#8243; tablet=\u00bb50&#8243; tablet_portrait=\u00bb40&#8243; mobile_landscape=\u00bb30&#8243; mobile=\u00bb20&#8243;][vc_single_image image=\u00bb3821&#8243; img_size=\u00bb500&#215;620&#8243; alignment=\u00bbcenter\u00bb css=\u00bb.vc_custom_1744020005001{padding-bottom: 30px !important;}\u00bb][\/vc_column][\/vc_row]<\/p>\n<\/div>","protected":false},"excerpt":{"rendered":"<p>[vc_row css=\u00bb.vc_custom_1542182021570{background-color: #ffffff !important;}\u00bb][vc_column offset=\u00bbvc_col-lg-offset-2 vc_col-lg-8 vc_col-md-offset-1 vc_col-md-10&#8243;][gsf_space desktop=\u00bb50&#8243; tablet=\u00bb50&#8243; tablet_portrait=\u00bb50&#8243; mobile_landscape=\u00bb50&#8243; mobile=\u00bb50&#8243;][vc_single_image image=\u00bb2575&#8243; img_size=\u00bb150&#8243; alignment=\u00bbcenter\u00bb css=\u00bb.vc_custom_1677769067391{margin-bottom: 35px !important;}\u00bb][gsf_heading layout_style=\u00bbstyle-4&#8243; title=\u00bbRWwlMjBwZXJxdSVDMyVBOCUyMGRlbHMlMjBDJUMzJUIyZGV4&#8243; title_color=\u00bb#333333&#8243; title_line_height=\u00bb1.4&#8243; sub_title_font_size=\u00bb18&#8243; sub_title_letter_spacing=\u00bb5px\u00bb sub_title_use_theme_fonts=\u00bb\u00bb title_font_size_lg=\u00bb48&#8243; title_font_size_md=\u00bb40&#8243; title_font_size_sm=\u00bb34&#8243; title_font_size_mb=\u00bb28&#8243; [&hellip;]<\/p>\n","protected":false},"author":1,"featured_media":0,"parent":0,"menu_order":0,"comment_status":"closed","ping_status":"closed","template":"","meta":{"inline_featured_image":false,"footnotes":""},"class_list":["post-3147","page","type-page","status-publish","hentry"],"_links":{"self":[{"href":"https:\/\/www.kilianrabinad.com\/es\/wp-json\/wp\/v2\/pages\/3147","targetHints":{"allow":["GET"]}}],"collection":[{"href":"https:\/\/www.kilianrabinad.com\/es\/wp-json\/wp\/v2\/pages"}],"about":[{"href":"https:\/\/www.kilianrabinad.com\/es\/wp-json\/wp\/v2\/types\/page"}],"author":[{"embeddable":true,"href":"https:\/\/www.kilianrabinad.com\/es\/wp-json\/wp\/v2\/users\/1"}],"replies":[{"embeddable":true,"href":"https:\/\/www.kilianrabinad.com\/es\/wp-json\/wp\/v2\/comments?post=3147"}],"version-history":[{"count":13,"href":"https:\/\/www.kilianrabinad.com\/es\/wp-json\/wp\/v2\/pages\/3147\/revisions"}],"predecessor-version":[{"id":3783,"href":"https:\/\/www.kilianrabinad.com\/es\/wp-json\/wp\/v2\/pages\/3147\/revisions\/3783"}],"wp:attachment":[{"href":"https:\/\/www.kilianrabinad.com\/es\/wp-json\/wp\/v2\/media?parent=3147"}],"curies":[{"name":"wp","href":"https:\/\/api.w.org\/{rel}","templated":true}]}}