{"id":3135,"date":"2018-11-21T02:34:29","date_gmt":"2018-11-21T02:34:29","guid":{"rendered":"https:\/\/www.kilianrabinad.com\/els-codex\/"},"modified":"2026-04-07T10:09:09","modified_gmt":"2026-04-07T10:09:09","slug":"els-codex","status":"publish","type":"page","link":"https:\/\/www.kilianrabinad.com\/es\/els-codex\/","title":{"rendered":"Los Codex"},"content":{"rendered":"<div class=\"wpb-content-wrapper\"><p>[vc_row content_placement=\u00bbmiddle\u00bb css=\u00bb.vc_custom_1679405701618{background-color: #f4f3ec !important;}\u00bb][vc_column offset=\u00bbvc_col-lg-offset-2 vc_col-lg-8 vc_col-md-offset-1 vc_col-md-10&#8243;][gsf_space desktop=\u00bb60&#8243; tablet=\u00bb60&#8243; tablet_portrait=\u00bb60&#8243; mobile_landscape=\u00bb60&#8243; mobile=\u00bb55&#8243;][vc_column_text]<\/p>\n<h2 class=\"primary-font heading-color text-center\" style=\"line-height: 2;\">CODEX SINAITICVS<\/h2>\n<p>[\/vc_column_text][gsf_space desktop=\u00bb60&#8243; tablet=\u00bb60&#8243; tablet_portrait=\u00bb60&#8243; mobile_landscape=\u00bb55&#8243; mobile=\u00bb50&#8243;][\/vc_column][vc_column el_class=\u00bbsm-mg-bottom-40&#8243; width=\u00bb1\/2&#8243; offset=\u00bbvc_col-md-5&#8243;][vc_single_image image=\u00bb2841&#8243; img_size=\u00bb500&#215;620&#8243; alignment=\u00bbright\u00bb css=\u00bb.vc_custom_1679735888167{padding-bottom: 30px !important;}\u00bb][\/vc_column][vc_column width=\u00bb1\/2&#8243; offset=\u00bbvc_col-md-offset-1&#8243;][vc_column_text el_class=\u00bbfs-15,mg-bottom-45&#8243;]<\/p>\n<p style=\"color: #7e7e7e; margin-bottom: 29px;\">El profesor Vincent Lambert recibe una extra\u00f1a visita en su despacho del departamento de Economia de La Sorbonne, en Par\u00eds, una tarde fr\u00eda y lluviosa del mes de Noviembre. Herr Wolfgang Klaus Schr\u00f6eder, un adinerado coleccionista suizo, le propone un encargo: conseguirle el Codex Sinaiticvs original a cambio de dos coma cinco millones de euros. El Codex Sinaiticvs es un valioso manuscrito considerado como la Biblia mejor conservada y la m\u00e1s antigua del mundo. Se halla dividido en cuatro fragmentos, y localizados igualmente en cuatro lugares distintos: un primer fragmento se halla en la British Library de Londres, un segundo fragmento se encuentra en la biblioteca nacional rusa, en San Petersburgo, el tercer fragmento se halla en la biblioteca de la Universidad de Leipzig, en Alemania, mientras que el \u00faltimo fragmento se encuentra en la biblioteca del monasterio de Santa Catalina, en Egipto, a los pies del monte Sina\u00ed. Pronto, en Londres, se llevar\u00e1 a cabo su digitalizaci\u00f3n al completo.<\/p>\n<p style=\"color: #7e7e7e; margin-bottom: 29px;\">Y si la Die Mannschaft, una organizaci\u00f3n muy poderosa de la que se dispon\u00edan no pocos indicios y sospechas que pudieran estar detr\u00e1s de los m\u00e1s grandes expolios de obras de arte en distintos museos alrededor del mundo, le estuviera siguiendo los pasos bien de cerca? La repentina muerte, accidental o no, de un viejo y apreciad\u00edsimo amigo del profesor Lambert, as\u00ed como el secuestro de Monique, su pareja, no har\u00e1n m\u00e1s que acentuar el sentimiento de culpabilidad del profesor por haber aceptado el maldito encargo.<\/p>\n<p>[\/vc_column_text][\/vc_column][\/vc_row][vc_row content_placement=\u00bbmiddle\u00bb css=\u00bb.vc_custom_1542271138542{background-color: #f4f3ec !important;}\u00bb][vc_column offset=\u00bbvc_col-lg-offset-2 vc_col-lg-8 vc_col-md-offset-1 vc_col-md-10&#8243;][gsf_space desktop=\u00bb50&#8243; tablet=\u00bb50&#8243; tablet_portrait=\u00bb50&#8243; mobile_landscape=\u00bb50&#8243; mobile=\u00bb55&#8243;][vc_column_text]<\/p>\n<h2 class=\"primary-font heading-color text-center\" style=\"line-height: 2;\">CODEX VATICANVS<\/h2>\n<p>[\/vc_column_text][gsf_space desktop=\u00bb50&#8243; tablet=\u00bb50&#8243; tablet_portrait=\u00bb50&#8243; mobile_landscape=\u00bb50&#8243; mobile=\u00bb50&#8243;][\/vc_column][vc_column el_class=\u00bbsm-mg-bottom-40&#8243; width=\u00bb1\/2&#8243; offset=\u00bbvc_col-md-5&#8243;][vc_single_image image=\u00bb3499&#8243; img_size=\u00bb500&#215;620&#8243; alignment=\u00bbright\u00bb css=\u00bb.vc_custom_1681821685070{padding-bottom: 30px !important;}\u00bb][\/vc_column][vc_column width=\u00bb1\/2&#8243; offset=\u00bbvc_col-md-offset-1&#8243;][vc_column_text el_class=\u00bb\u00bb]<\/p>\n<p style=\"color: #7e7e7e; margin-bottom: 29px;\">El profesor Vincent Lambert es v\u00edctima de chantaje y de extorsi\u00f3n por parte de la Die Mannschaft, aquella organizaci\u00f3n criminal de la que nunca hubiera querido o\u00edr hablar. La codicia, otra vez, puesta de manifiesto con malas praxis, por el exc\u00e9ntrico suizo Wolfgang Klaus Schr\u00f6eder, provocar\u00e1 que el profesor de La Sorbonne de Par\u00eds, Vincent Lambert, no tenga m\u00e1s remedio que desplazarse, en esta ocasi\u00f3n, hasta la Ciudad del Vaticano, en Roma, para tratar de conseguir un viejo y anhelado deseo al enajenado y psic\u00f3pata Procurator de la Die Mannschaft para su colecci\u00f3n particular: el Codex Vaticanvs. Dos vidas corren peligro, aparte de la suya propia, si no logra conseguir de forma exitosa este dif\u00edcil, por no decir imposible, encargo.<\/p>\n<p style=\"color: #7e7e7e; margin-bottom: 29px;\">En Florencia, capital de la Toscana, y ciudad originaria del movimiento art\u00edstico del Renacimiento, los rayos del Sol, no consegu\u00edan penetrar la espesa capa de niebla con la que, un d\u00eda m\u00e1s, se hab\u00eda despertado la ciudad, hasta bien entrada la ma\u00f1ana. \u00c9sta, ya se iba disipando resiguiendo el cauce el r\u00edo Arno hasta dejar al descubierto la silueta de un cuerpo brutalmente mutilado colgado en el Puente Vecchio. En el interior de uno de los bolsillos del abrigo del cad\u00e1ver, Domenico Peruzzi, prefecto de la gendarmer\u00eda italiana, inmerso de lleno en la investigaci\u00f3n del caso Gabbia, estaba desbordado.<\/p>\n<p>[\/vc_column_text][\/vc_column][\/vc_row][vc_row content_placement=\u00bbmiddle\u00bb css=\u00bb.vc_custom_1744020001000{background-color: #f4f3ec !important;}\u00bb][vc_column offset=\u00bbvc_col-lg-offset-2 vc_col-lg-8 vc_col-md-offset-1 vc_col-md-10&#8243;][gsf_space desktop=\u00bb50&#8243; tablet=\u00bb50&#8243; tablet_portrait=\u00bb50&#8243; mobile_landscape=\u00bb50&#8243; mobile=\u00bb55&#8243;][vc_column_text]<\/p>\n<h2 class=\"primary-font heading-color text-center\" style=\"line-height: 2;\">C\u00d3DEX GIGAS<br \/><span style=\"font-size: 60%; font-weight: normal; letter-spacing: 2px;\">La Biblia del Diablo<\/span><\/h2>\n<p>[\/vc_column_text][gsf_space desktop=\u00bb50&#8243; tablet=\u00bb50&#8243; tablet_portrait=\u00bb50&#8243; mobile_landscape=\u00bb50&#8243; mobile=\u00bb50&#8243;][\/vc_column][vc_column el_class=\u00bbsm-mg-bottom-40&#8243; width=\u00bb1\/2&#8243; offset=\u00bbvc_col-md-5&#8243;][vc_single_image image=\u00bb3819&#8243; img_size=\u00bb500&#215;620&#8243; alignment=\u00bbright\u00bb css=\u00bb.vc_custom_1744020001001{padding-bottom: 30px !important;}\u00bb][\/vc_column][vc_column width=\u00bb1\/2&#8243; offset=\u00bbvc_col-md-offset-1&#8243;][vc_column_text el_class=\u00bb\u00bb]<\/p>\n<p style=\"color: #7e7e7e; margin-bottom: 29px;\">El traslado en septiembre de 2007 del C\u00f3dex Gigas, conocido como la \u00abBiblia del Diablo\u00bb desde la Biblioteca Nacional de Estocolmo, al Klementinum de Praga, se produjo bajo estrictas medidas de seguridad. El C\u00f3dex Gigas, que data de principios del siglo XIII, no solamente es considerado como el manuscrito medieval m\u00e1s grande del mundo, sino que alberga, en sus m\u00e1s de seiscientas p\u00e1ginas, menesteres de ciencia y magia, donde cada ilustraci\u00f3n supone un portal a un conocimiento que oscila entre lo divino y lo prohibido. Tras trescientos cincuenta y ocho a\u00f1os en Suecia, la Biblioteca Nacional de Praga, acoger\u00eda el C\u00f3dex para una exposici\u00f3n temporal, desde septiembre de 2007 hasta marzo de 2008, marcando su retorno desde que fuera tomado como bot\u00edn de guerra por las tropas suecas, al final de la Guerra de los Treinta A\u00f1os.<\/p>\n<p style=\"color: #7e7e7e; margin-bottom: 29px;\">La llamada que recibi\u00f3 el profesor Lambert en su despacho de La Sorbonne no fue casual. Su compa\u00f1ero de facultad, Konr\u00e1d Step\u00e1nek, director general de la Biblioteca Nacional, fue hallado sin vida, por una pareja de turistas belgas que, ajenos a todo, madrugaron para poder ser los primeros en subir a la torre del reloj astron\u00f3mico de Praga. El cuerpo, sentado, amordazado y atado de pies y manos a una silla, lo hab\u00edan torturado y cegado de una forma atroz; lo que supon\u00eda la recreaci\u00f3n de la escena de un crimen, cometido muchos a\u00f1os atr\u00e1s.<\/p>\n<p>[\/vc_column_text][\/vc_column][\/vc_row][vc_row content_placement=\u00bbmiddle\u00bb css=\u00bb.vc_custom_1744020002000{background-color: #f4f3ec !important;}\u00bb][vc_column offset=\u00bbvc_col-lg-offset-2 vc_col-lg-8 vc_col-md-offset-1 vc_col-md-10&#8243;][gsf_space desktop=\u00bb50&#8243; tablet=\u00bb50&#8243; tablet_portrait=\u00bb50&#8243; mobile_landscape=\u00bb50&#8243; mobile=\u00bb55&#8243;][vc_column_text]<\/p>\n<h2 class=\"primary-font heading-color text-center\" style=\"line-height: 2;\">EL DUX DE VENECIA<\/h2>\n<p>[\/vc_column_text][gsf_space desktop=\u00bb50&#8243; tablet=\u00bb50&#8243; tablet_portrait=\u00bb50&#8243; mobile_landscape=\u00bb50&#8243; mobile=\u00bb50&#8243;][\/vc_column][vc_column el_class=\u00bbsm-mg-bottom-40&#8243; width=\u00bb1\/2&#8243; offset=\u00bbvc_col-md-5&#8243;][vc_single_image image=\u00bb3821&#8243; img_size=\u00bb500&#215;620&#8243; alignment=\u00bbright\u00bb css=\u00bb.vc_custom_1744020002001{padding-bottom: 30px !important;}\u00bb][\/vc_column][vc_column width=\u00bb1\/2&#8243; offset=\u00bbvc_col-md-offset-1&#8243;][vc_column_text el_class=\u00bb\u00bb]<\/p>\n<p style=\"color: #7e7e7e; margin-bottom: 29px;\">A lo largo de los siglos, Venecia se transform\u00f3 en un importante enclave comercial, convirti\u00e9ndose en un puente entre Europa y Oriente, gracias a su ubicaci\u00f3n estrat\u00e9gica en el Mar Adri\u00e1tico, controlando el mercado de especias, seda y esclavos. La ciudad evolucion\u00f3 de un asentamiento bizantino, nutrido de habitantes que hu\u00edan de las invasiones b\u00e1rbaras y que hallaban refugio en los islotes de la laguna, hasta convertirse en una poderosa rep\u00fablica mar\u00edtima independiente, reconocida como \u00abLa Serenissima\u00bb, que domin\u00f3 el comercio mediterr\u00e1neo y la Ruta de la Seda hasta su declive en 1797, con la invasi\u00f3n de Napole\u00f3n. Venecia se organizaba, hasta entonces, durante mil a\u00f1os, como una ciudad-estado, con un sistema de gobierno liderado por un dux o doge, cuyo cargo encarnaba la continuidad, as\u00ed como el s\u00edmbolo de la soberan\u00eda y la independencia de la Rep\u00fablica de Venecia.<\/p>\n<p style=\"color: #7e7e7e; margin-bottom: 29px;\">A la vista de la secuencia de las espeluznantes fotograf\u00edas del cuerpo mutilado que los carabinieri le mostraban al profesor Lambert, este, no pod\u00eda dar cr\u00e9dito que el cuerpo decapitado encontrado en las escalinatas del Palazzo Ducal, fuese precisamente, el del marescialli Pietro Matteo Faliero, del Gruppo Investigazione Criminalit\u00e0 Organizzata, con quien el profesor hab\u00eda coincidido el d\u00eda antes. Resulta curioso, cuando menos, o quiz\u00e1s una mera macabra coincidencia, el hecho de que Marino Faliero, dux de Venecia en 1355, fuese decapitado en el mismo sitio y mutilado en p\u00fablico como escarmiento.<\/p>\n<p>[\/vc_column_text][\/vc_column][\/vc_row]<\/p>\n<\/div>","protected":false},"excerpt":{"rendered":"<p>[vc_row content_placement=\u00bbmiddle\u00bb css=\u00bb.vc_custom_1679405701618{background-color: #f4f3ec !important;}\u00bb][vc_column offset=\u00bbvc_col-lg-offset-2 vc_col-lg-8 vc_col-md-offset-1 vc_col-md-10&#8243;][gsf_space desktop=\u00bb60&#8243; tablet=\u00bb60&#8243; tablet_portrait=\u00bb60&#8243; mobile_landscape=\u00bb60&#8243; mobile=\u00bb55&#8243;][vc_column_text] CODEX SINAITICVS [\/vc_column_text][gsf_space desktop=\u00bb60&#8243; tablet=\u00bb60&#8243; tablet_portrait=\u00bb60&#8243; mobile_landscape=\u00bb55&#8243; mobile=\u00bb50&#8243;][\/vc_column][vc_column el_class=\u00bbsm-mg-bottom-40&#8243; width=\u00bb1\/2&#8243; offset=\u00bbvc_col-md-5&#8243;][vc_single_image image=\u00bb2841&#8243; img_size=\u00bb500&#215;620&#8243; alignment=\u00bbright\u00bb css=\u00bb.vc_custom_1679735888167{padding-bottom: 30px [&hellip;]<\/p>\n","protected":false},"author":1,"featured_media":0,"parent":0,"menu_order":0,"comment_status":"closed","ping_status":"closed","template":"","meta":{"inline_featured_image":false,"footnotes":""},"class_list":["post-3135","page","type-page","status-publish","hentry"],"_links":{"self":[{"href":"https:\/\/www.kilianrabinad.com\/es\/wp-json\/wp\/v2\/pages\/3135","targetHints":{"allow":["GET"]}}],"collection":[{"href":"https:\/\/www.kilianrabinad.com\/es\/wp-json\/wp\/v2\/pages"}],"about":[{"href":"https:\/\/www.kilianrabinad.com\/es\/wp-json\/wp\/v2\/types\/page"}],"author":[{"embeddable":true,"href":"https:\/\/www.kilianrabinad.com\/es\/wp-json\/wp\/v2\/users\/1"}],"replies":[{"embeddable":true,"href":"https:\/\/www.kilianrabinad.com\/es\/wp-json\/wp\/v2\/comments?post=3135"}],"version-history":[{"count":26,"href":"https:\/\/www.kilianrabinad.com\/es\/wp-json\/wp\/v2\/pages\/3135\/revisions"}],"predecessor-version":[{"id":3805,"href":"https:\/\/www.kilianrabinad.com\/es\/wp-json\/wp\/v2\/pages\/3135\/revisions\/3805"}],"wp:attachment":[{"href":"https:\/\/www.kilianrabinad.com\/es\/wp-json\/wp\/v2\/media?parent=3135"}],"curies":[{"name":"wp","href":"https:\/\/api.w.org\/{rel}","templated":true}]}}