{"id":3045,"date":"2023-01-28T10:00:53","date_gmt":"2023-01-28T10:00:53","guid":{"rendered":"https:\/\/www.kilianrabinad.com\/kilian-rabinad\/"},"modified":"2023-05-06T09:37:53","modified_gmt":"2023-05-06T09:37:53","slug":"kilian-rabinad","status":"publish","type":"page","link":"https:\/\/www.kilianrabinad.com\/es\/","title":{"rendered":"Kilian Rabinad &#8211; Novelist"},"content":{"rendered":"<div class=\"wpb-content-wrapper\"><p>[vc_row color_skin=\u00bbskin-dark\u00bb css=\u00bb.vc_custom_1675877909390{background-image: url(https:\/\/www.kilianrabinad.com\/wp-content\/uploads\/2023\/02\/kilian-1-web.jpg?id=2367) !important;background-position: center !important;background-repeat: no-repeat !important;background-size: cover !important;}\u00bb][vc_column][gsf_space desktop=\u00bb104&#8243; tablet=\u00bb80&#8243; tablet_portrait=\u00bb70&#8243; mobile_landscape=\u00bb60&#8243; mobile=\u00bb60&#8243;][gsf_space desktop=\u00bb640&#8243; tablet=\u00bb500&#8243; tablet_portrait=\u00bb400&#8243; mobile_landscape=\u00bb320&#8243; mobile=\u00bb250&#8243;][gsf_heading title=\u00bbS2lsaWFuJTIwUmFiaW5hZA==\u00bb title_color=\u00bb#ffffff\u00bb title_font_size=\u00bb100|80|60|48|40&#8243; sub_title_font_size=\u00bb18&#8243; el_class=\u00bbheading-border-bottom,mg-bottom-25&#8243;][vc_column_text el_class=\u00bbmg-bottom-50&#8243;]<\/p>\n<ul class=\"author-jobs\">\n<li>Novelist<\/li>\n<\/ul>\n<p>[\/vc_column_text][\/vc_column][vc_column offset=\u00bbvc_col-lg-offset-2 vc_col-lg-8 vc_col-md-offset-1 vc_col-md-10&#8243;][vc_column_text]<span class=\"gsf-dropcap-default primary-font dropcap-white fs-15\">Kilian Rabinad (Barcelona, 1973) es licenciado en Administraci\u00f3n y Direcci\u00f3n de Empresas por la Universidad de Barcelona. Desde siempre ha estado vinculado con la empresa privada, en las \u00e1reas de direcci\u00f3n comercial, ventas y marketing. Es capit\u00e1n de yate y habla cinco idiomas. Enamorado del mar, procura pasar todo el tiempo posible en las Islas Baleares, buscando inspirarse, especialmente en d\u00edas de tormentas y de niebla espesa, pero siempre cerca de una chimenea, escuchando los chasquidos de la le\u00f1a seca. El placer por escribir le viene de lejos; en un principio, en su \u00e9poca lectiva escolar y acad\u00e9mica, y m\u00e1s tarde, cuando cursaba sus estudios de franc\u00e9s. Ahora, hace su primera incursi\u00f3n en el mundo editorial con su primera novela: Codex Sinaiticvs (2023). La segunda obra, ya la tiene iniciada y bien encaminada: Codex Vaticanvs (finales 2024). <\/span>[\/vc_column_text][gsf_space desktop=\u00bb123&#8243; tablet=\u00bb100&#8243; tablet_portrait=\u00bb80&#8243; mobile_landscape=\u00bb70&#8243; mobile=\u00bb60&#8243;][\/vc_column][vc_column el_class=\u00bbmd-mg-bottom-40&#8243; offset=\u00bbvc_col-md-4&#8243;][gsf_heading layout_style=\u00bbstyle-3&#8243; text_align=\u00bbtext-left justify-content-start\u00bb title_color=\u00bb#ffffff\u00bb title_font_size=\u00bb48||40|34|30&#8243; title_line_height=\u00bb1.33|em\u00bb sub_title_font_size=\u00bb18&#8243; sub_title_use_theme_fonts=\u00bb\u00bb el_class=\u00bb\u00bb css=\u00bb.vc_custom_1683365851283{margin-bottom: 21px !important;}\u00bb sub_title=\u00bbSobre el C\u00f3dex\u00bb][vc_column_text css=\u00bb.vc_custom_1675939027591{margin-bottom: 38px !important;}\u00bb]<\/p>\n<p class=\"fs-15\" style=\"max-width: 330px;\">Cuando lleg\u00f3 a mis manos un art\u00edculo que hablaba sobre el proyecto de digitalizaci\u00f3n del C\u00f3dex Sinaiticus, eso hizo que me sobreviniera una historia.<\/p>\n<p class=\"fs-15\" style=\"max-width: 330px;\">Era el momento de dejar paso a la imaginaci\u00f3n y que esta empezara a desgranar las primeras palabras que comenzar\u00eda a escribir en mi libreta<\/p>\n<p class=\"fs-15\" style=\"max-width: 330px;\">El resultado final: cerca de trescientas p\u00e1ginas de las que he disfrutado escribiendo cada uno de los cap\u00edtulos donde se relata la historia; desde el primero hasta el \u00faltimo<\/p>\n<p>[\/vc_column_text][gsf_button title=\u00bbNota del autor\u00bb color=\u00bbaccent\u00bb icon_font=\u00bbfal fa-cloud-download-alt\u00bb el_class=\u00bbbtn-hover-to-white\u00bb link=\u00bburl:https%3A%2F%2Fwww.kilianrabinad.com%2Fnota-de-lautor%2F|title:Nota%20de%20l&#8217;autor|target:_blank\u00bb][\/vc_column][vc_column el_class=\u00bbsm-mg-bottom-40&#8243; width=\u00bb1\/2&#8243; offset=\u00bbvc_col-md-4&#8243;][vc_single_image image=\u00bb2841&#8243; img_size=\u00bb370&#215;493&#8243;][\/vc_column][vc_column el_class=\u00bb\u00bb width=\u00bb1\/2&#8243; offset=\u00bbvc_col-md-4&#8243;][vc_column_text]<\/p>\n<div class=\"author-quote\" style=\"border: 2px solid rgba(255,255,255,0.3); padding: 55px 15px 18px 15px;\">\n<p class=\"fs-20 text-italic text-center primary-font primary-color\" style=\"line-height: 2;\">\u00bb Des del primer moment, vaig percebre com que hi tindria una connexi\u00f3 molt forta amb el C\u00f2dex Sinaiticus, i que m&#8217;avivaria el fet d&#8217;escarvar per a saber-ne m\u00e9s i descobrir-ne m\u00e9s; com aix\u00ed ha estat.\u00bb<\/p>\n<p><img loading=\"lazy\" decoding=\"async\" class=\"aligncenter wp-image-408\" src=\"https:\/\/www.kilianrabinad.com\/wp-content\/uploads\/2023\/02\/kilian.rabinad.firma_.png\" alt=\"\" width=\"200\" height=\"135\" \/><\/p>\n<\/div>\n<p>&nbsp;<\/p>\n<p>&nbsp;<\/p>\n<p>[\/vc_column_text][\/vc_column][vc_column][gsf_space desktop=\u00bb90&#8243; tablet=\u00bb70&#8243; tablet_portrait=\u00bb60&#8243; mobile_landscape=\u00bb50&#8243; mobile=\u00bb40&#8243;][\/vc_column][\/vc_row]<\/p>\n<\/div>","protected":false},"excerpt":{"rendered":"<p>[vc_row color_skin=\u00bbskin-dark\u00bb css=\u00bb.vc_custom_1675877909390{background-image: url(https:\/\/www.kilianrabinad.com\/wp-content\/uploads\/2023\/02\/kilian-1-web.jpg?id=2367) !important;background-position: center !important;background-repeat: no-repeat !important;background-size: cover !important;}\u00bb][vc_column][gsf_space desktop=\u00bb104&#8243; tablet=\u00bb80&#8243; tablet_portrait=\u00bb70&#8243; mobile_landscape=\u00bb60&#8243; mobile=\u00bb60&#8243;][gsf_space desktop=\u00bb640&#8243; tablet=\u00bb500&#8243; tablet_portrait=\u00bb400&#8243; mobile_landscape=\u00bb320&#8243; mobile=\u00bb250&#8243;][gsf_heading title=\u00bbS2lsaWFuJTIwUmFiaW5hZA==\u00bb title_color=\u00bb#ffffff\u00bb title_font_size=\u00bb100|80|60|48|40&#8243; sub_title_font_size=\u00bb18&#8243; el_class=\u00bbheading-border-bottom,mg-bottom-25&#8243;][vc_column_text el_class=\u00bbmg-bottom-50&#8243;] Novelist [\/vc_column_text][\/vc_column][vc_column offset=\u00bbvc_col-lg-offset-2 [&hellip;]<\/p>\n","protected":false},"author":1,"featured_media":0,"parent":0,"menu_order":0,"comment_status":"closed","ping_status":"closed","template":"","meta":{"inline_featured_image":false,"footnotes":""},"class_list":["post-3045","page","type-page","status-publish","hentry"],"_links":{"self":[{"href":"https:\/\/www.kilianrabinad.com\/es\/wp-json\/wp\/v2\/pages\/3045","targetHints":{"allow":["GET"]}}],"collection":[{"href":"https:\/\/www.kilianrabinad.com\/es\/wp-json\/wp\/v2\/pages"}],"about":[{"href":"https:\/\/www.kilianrabinad.com\/es\/wp-json\/wp\/v2\/types\/page"}],"author":[{"embeddable":true,"href":"https:\/\/www.kilianrabinad.com\/es\/wp-json\/wp\/v2\/users\/1"}],"replies":[{"embeddable":true,"href":"https:\/\/www.kilianrabinad.com\/es\/wp-json\/wp\/v2\/comments?post=3045"}],"version-history":[{"count":9,"href":"https:\/\/www.kilianrabinad.com\/es\/wp-json\/wp\/v2\/pages\/3045\/revisions"}],"predecessor-version":[{"id":3759,"href":"https:\/\/www.kilianrabinad.com\/es\/wp-json\/wp\/v2\/pages\/3045\/revisions\/3759"}],"wp:attachment":[{"href":"https:\/\/www.kilianrabinad.com\/es\/wp-json\/wp\/v2\/media?parent=3045"}],"curies":[{"name":"wp","href":"https:\/\/api.w.org\/{rel}","templated":true}]}}