{"id":3042,"date":"2023-01-30T17:53:06","date_gmt":"2023-01-30T17:53:06","guid":{"rendered":"https:\/\/www.kilianrabinad.com\/nota-de-lautor\/"},"modified":"2023-04-27T19:46:09","modified_gmt":"2023-04-27T19:46:09","slug":"nota-de-lautor","status":"publish","type":"page","link":"https:\/\/www.kilianrabinad.com\/es\/nota-de-lautor\/","title":{"rendered":"Nota de l&#8217;autor"},"content":{"rendered":"<div class=\"wpb-content-wrapper\"><p>[vc_row css=\u00bb.vc_custom_1542178714879{background-image: url(https:\/\/auteur.g5plus.net\/main\/wp-content\/uploads\/2018\/11\/background-05.jpg?id=260) !important;background-position: center !important;background-repeat: no-repeat !important;background-size: cover !important;}\u00bb][vc_column][gsf_space desktop=\u00bb50&#8243; tablet=\u00bb70&#8243; tablet_portrait=\u00bb60&#8243; mobile_landscape=\u00bb50&#8243; mobile=\u00bb40&#8243;][vc_single_image image=\u00bb2575&#8243; img_size=\u00bb100&#8243; alignment=\u00bbcenter\u00bb][gsf_page_title font_container=\u00bbtext_align:center|color:%23333333&#8243;][gsf_space desktop=\u00bb40&#8243; tablet=\u00bb40&#8243; tablet_portrait=\u00bb40&#8243; mobile_landscape=\u00bb40&#8243; mobile=\u00bb40&#8243;][vc_column_text el_class=\u00bb\u00bb]<\/p>\n<h5>\u00a0 \u00a0 No recordo exactament, com va ser que va caure, a les meves mans, un article de premsa sobre el C\u00f2dex Sinaiticus. S\u00ed que ho recordo, no obstant, que va ser durant les primeres setmanes de la pand\u00e8mia, provocada pel virus de la Covid-19, amb el conseq\u00fcent confinament dictat per les autoritats del pa\u00eds. Aquells primers dies, en els que ens vam veure obligats a quedar-nos a casa, i a organitzar-nos, com bonament pod\u00edem, tractant com si el dia a dia, dins de l\u2019anormalitat palesa, fos el m\u00e9s normal possible, varen ser dies especialment complicats. A partir d\u2019aqu\u00ed, vaig ensopegar amb la motivaci\u00f3 necess\u00e0ria comen\u00e7ant a tibar, primer d\u2019un fil, i despr\u00e9s d\u2019un altre i un altre, que m\u2019ha dut fins a aquesta meva primera novel\u00b7la; la que teniu entre les mans, i que espero que us hagi fet passar una o unes bones estones.<\/h5>\n<h5>\u00a0 \u00a0 Tot el que he anat coneixent i descobrint al voltant del C\u00f2dex Sinaiticus, mitjan\u00e7ant la documentaci\u00f3 bibliogr\u00e0fica, m\u2019ha engrescat per a escriure una segona novel\u00b7la. Sense visos que aquesta segona hagi de suposar-ne una continuaci\u00f3 de la primera, s\u00ed que les portes que han quedat obertes en aquesta primera novel\u00b7la, es tancaran en la segona. El com, i el quan, em temo que l\u2019haureu d\u2019esbrinar vosaltres mateixos. Nom\u00e9s ser\u00e0 q\u00fcesti\u00f3 de temps.<\/h5>\n<h5>\u00a0 \u00a0 En aquesta novel\u00b7la, i, en general, en tots els meus escrits, combino la realitat amb la ficci\u00f3. S\u00ed, \u00e9s cert que existeix el C\u00f2dex Sinaiticus, com tamb\u00e9 \u00e9s cert que va ser digitalitzat a Londres per un grup d\u2019investigadors, per tal que, a trav\u00e9s d\u2019internet, se\u2019n pogu\u00e9s fer arribar el seu contingut a tothom: historiadors, acad\u00e8mics, estudiants,&#8230; o qui fos que en pogu\u00e9s manifestar un inter\u00e8s, per tal que tothom en tingu\u00e9s un lliure acc\u00e9s.<\/h5>\n<h5>\u00a0 \u00a0 Molts dels indrets que es descriuen en aquesta novel\u00b7la, s\u00f3n llocs on hi he estat. M\u2019agrada molt la descripci\u00f3 detallista i minuciosa; almenys ho procuro i ho intento. Penso que aix\u00ed \u00e9s m\u00e9s f\u00e0cil a poder-vos traslladar \u201cin situ\u201d, all\u00e0 on succeeix l\u2019acci\u00f3. A mesura que el meu C\u00f2dex Sinaiticus anava agafant cos i que s\u2019anaven succeint, una rera l\u2019altra, totes les p\u00e0gines que anava escrivint, m\u2019empoderava el fet de pensar que un dels motors que em motivava per a seguir amb la novel\u00b7la, era la comesa d\u2019investigaci\u00f3 i recopilaci\u00f3 de dades per a fer que aquesta novel\u00b7la, fos m\u00ednimament cre\u00efble. Puc dir que he gaudit molt portant a terme aquestes tasques, que, d\u2019altra banda, s\u00f3n absolutament imprescindibles en qualsevol obra de qualsevol novel\u00b7lista. M\u2019ha portat el meu temps escriure el C\u00f2dex Sinaiticus. Est\u00e0 clar que, durant la pand\u00e8mia, \u00e9s quan vaig poder-ne fer l\u2019esquelet i el croquis del que acabaria esdevenint, aix\u00ed com la paginaci\u00f3 dels diferents cap\u00edtols i tamb\u00e9 els esquemes que en conformaven part.<\/h5>\n<h5>\u00a0 \u00a0 El C\u00f2dex ha viatjat for\u00e7a. He trobat temps i dedicaci\u00f3 per escriure\u2019l a Vic, a Altafulla, a Santanyi, una petita i bonica poblaci\u00f3 del sud-est de l\u2019illa de Mallorca, i a Viladrau, on l\u2019he donat per acabat, a la meva masia; on s\u00b4hi respira pau, i si hi pares prouta atenci\u00f3, s\u2019hi escolta el silenci, fins i tot. Al costat d\u2019una llar de foc encesa, ben prove\u00efda de llenya, hi he trobat el millor escalf possible per a traslladar al paper, les idees que m\u2019anaven sobrevenint. No negar\u00e9 l\u2019evid\u00e8ncia que, despr\u00e9s de tenir un altre cap\u00edtol endegat, una copeta de vi, a la vora del foc, tot parant atenci\u00f3 a com espetagaven els troncs secs i en voleiaven petites guspires, al seu voltant, no se\u2019m posava pas malament, tot rellegint-lo un i altre cop.<\/h5>\n<h5>\u00a0 \u00a0 Ben mirat, voldria tenir tamb\u00e9 un agra\u00efment per a totes aquelles persones que, de forma directa o indirecta, m\u2019han servit, en algun moment, de font d\u2019inspiraci\u00f3; ja sigui per a perfilar-ne alguns petits detalls dels personatges, o b\u00e9 per a suscitar-ne\u2019n de nous, simplement. Moltes, i moltes gr\u00e0cies, a tots i a totes.<\/h5>\n<h5>\u00a0 \u00a0 I a tu M\u00f2nica, agrair-te que m&#8217;hagis fet sentir a Viladrau com a casa meva. Aqu\u00ed, a la masia, hi he trobat la pau i l&#8217;entorn necessaris per acabar el meu C\u00f2dex. A Viladrau tamb\u00e9 hi he conegut l&#8217;Andreu i la Blanca, a qui tamb\u00e9 els vull agrair el seu temps, la dedicaci\u00f3 i el seu bon saber fer, per a la creaci\u00f3 i el disseny del meu lloc web <a href=\"https:\/\/www.kilianrabinad.com\/es\/\">www.kilianrabinad.com<\/a><\/h5>\n<h5>\u00a0 \u00a0 A tots vosaltres, familiars, professors universitaris, i amics, us agraeixo de tot cor que hagueu trobat un moment del vostre temps per a poder revisar-vos el text i donar-me\u2019n la vostra sincera opini\u00f3. Saber escoltar-vos per a poder fer-ne les correccions necess\u00e0ries, i que aix\u00ed, aquest text, pugui ser millor, \u00e9s un exercici del tot indefugible.<\/h5>\n<h5>\u00a0 \u00a0 Finalment, el m\u00e9s sincer i profund agra\u00efment per a tots vosaltres: els qui avui teniu el C\u00f2dex Sinaiticus a les vostres mans, i l\u2019heu acabat de llegir. Gr\u00e0cies per dedicar uns petits dels vostres moments per a endinsar-vos en aquesta hist\u00f2ria, i que aquesta us hagi ben acompanyat all\u00e0 on l\u2019haureu volguda portar. Moltes gr\u00e0cies pel vostre afecte, i la vostra confian\u00e7a en escollir aquest t\u00edtol d\u2019entre els nombrosos que omplen els prestatges de les llibreries. Gr\u00e0cies de tot cor.<\/h5>\n<h5>\u00a0 \u00a0 El darrer agra\u00efment me\u2019l reservo per al C\u00f2dex Sinaiticus. Des del primer moment, vaig percebre com que hi hauria una connexi\u00f3 i que m\u2019avivaria el fet d\u2019escarvar per a saber-ne m\u00e9s i descobrir-ne m\u00e9s. I aix\u00ed ha estat. No tinc comptabilitzades totes les hores que hi he dedicat, per\u00f2, almenys per a mi, s\u00ed que puc dir que totes, absolutament totes, han estat ben emprades i aprofitades. N\u2019he apr\u00e8s, i molt.<\/h5>\n<h5>\u00a0 \u00a0 En breu, tinc intenci\u00f3 d\u2019emprendre un altre viatge, d\u2019on espero tornar-ne amb les maletes ben plenes d\u2019all\u00f2 que estic cercant. Aquest em portar\u00e0, irremediablement, cap a la ciutat bressol del renaixement, a Flor\u00e8ncia i m\u00e9s tard, cap a Ciutat del Vatic\u00e0, el que \u00e9s el pa\u00eds m\u00e9s petit del m\u00f3n. All\u00ed, tinc intenci\u00f3 de prendre les primeres anotacions i d&#8217;escriure els primers esbo\u00e7os del C\u00f2dex Vaticanus.<\/h5>\n<h5>\u00a0 \u00a0 Ara toca que us demani: m\u2019hi voldreu acompanyar?<\/h5>\n<p>[\/vc_column_text][\/vc_column][\/vc_row][vc_row][vc_column][\/vc_column][\/vc_row]<\/p>\n<\/div>","protected":false},"excerpt":{"rendered":"<p>[vc_row css=\u00bb.vc_custom_1542178714879{background-image: url(https:\/\/auteur.g5plus.net\/main\/wp-content\/uploads\/2018\/11\/background-05.jpg?id=260) !important;background-position: center !important;background-repeat: no-repeat !important;background-size: cover !important;}\u00bb][vc_column][gsf_space desktop=\u00bb50&#8243; tablet=\u00bb70&#8243; tablet_portrait=\u00bb60&#8243; mobile_landscape=\u00bb50&#8243; mobile=\u00bb40&#8243;][vc_single_image image=\u00bb2575&#8243; img_size=\u00bb100&#8243; alignment=\u00bbcenter\u00bb][gsf_page_title font_container=\u00bbtext_align:center|color:%23333333&#8243;][gsf_space desktop=\u00bb40&#8243; tablet=\u00bb40&#8243; tablet_portrait=\u00bb40&#8243; mobile_landscape=\u00bb40&#8243; mobile=\u00bb40&#8243;][vc_column_text el_class=\u00bb\u00bb] \u00a0 \u00a0 No recordo exactament, [&hellip;]<\/p>\n","protected":false},"author":1,"featured_media":0,"parent":0,"menu_order":0,"comment_status":"closed","ping_status":"closed","template":"","meta":{"inline_featured_image":false,"footnotes":""},"class_list":["post-3042","page","type-page","status-publish","hentry"],"_links":{"self":[{"href":"https:\/\/www.kilianrabinad.com\/es\/wp-json\/wp\/v2\/pages\/3042","targetHints":{"allow":["GET"]}}],"collection":[{"href":"https:\/\/www.kilianrabinad.com\/es\/wp-json\/wp\/v2\/pages"}],"about":[{"href":"https:\/\/www.kilianrabinad.com\/es\/wp-json\/wp\/v2\/types\/page"}],"author":[{"embeddable":true,"href":"https:\/\/www.kilianrabinad.com\/es\/wp-json\/wp\/v2\/users\/1"}],"replies":[{"embeddable":true,"href":"https:\/\/www.kilianrabinad.com\/es\/wp-json\/wp\/v2\/comments?post=3042"}],"version-history":[{"count":1,"href":"https:\/\/www.kilianrabinad.com\/es\/wp-json\/wp\/v2\/pages\/3042\/revisions"}],"predecessor-version":[{"id":3714,"href":"https:\/\/www.kilianrabinad.com\/es\/wp-json\/wp\/v2\/pages\/3042\/revisions\/3714"}],"wp:attachment":[{"href":"https:\/\/www.kilianrabinad.com\/es\/wp-json\/wp\/v2\/media?parent=3042"}],"curies":[{"name":"wp","href":"https:\/\/api.w.org\/{rel}","templated":true}]}}