{"id":2961,"date":"2023-03-18T13:34:05","date_gmt":"2023-03-18T13:34:05","guid":{"rendered":"https:\/\/www.kilianrabinad.com\/avis-legal-i-politica-de-seguretat\/"},"modified":"2023-05-06T09:27:39","modified_gmt":"2023-05-06T09:27:39","slug":"avis-legal-i-politica-de-seguretat","status":"publish","type":"page","link":"https:\/\/www.kilianrabinad.com\/es\/avis-legal-i-politica-de-seguretat\/","title":{"rendered":"Av\u00eds legal i Pol\u00edtica de privacitat"},"content":{"rendered":"<div class=\"wpb-content-wrapper\"><p>[vc_row][vc_column][vc_column_text el_class=\u00bb\u00bb]<\/p>\r\n<h2 style=\"text-align: center;\"><b>Av\u00eds Legal i Pol\u00edtica de Privacitat<\/b><\/h2>\r\n<p>\u00a0<\/p>\r\n\r\n<h4>INFORMACI\u00d3 LEGAL<\/h4>\r\n<p>Amb la finalitat de complir amb la legalitat vigent i atorgar seguretat i confian\u00e7a a tots els nostres usuaris, us informem, en virtut de la Llei 34\/2002 de Serveis de la Societat de la Informaci\u00f3 i de Comer\u00e7 Electr\u00f2nic, que aquesta p\u00e0gina web \u00e9s propietat de <strong>KILIAN RABINAD NOVELIST.<\/strong><\/p>\r\n<p>Per a qualsevol consulta o proposta, contacteu amb nosaltres per e-mail a <a href=\"mailto:hola@kilianrabinad.com\">hola@kilianrabinad.com<\/a>.<\/p>\r\n<p>Aquesta p\u00e0gina web es regeix per la normativa exclusivament aplicable a Espanya, i hi queden sotmeses les persones, tant nacionals com estrangeres, que utilitzin aquesta web.<\/p>\r\n<p>L\u2019acc\u00e9s a la nostra p\u00e0gina web per part de <strong>l\u2019USUARI<\/strong> \u00e9s gratu\u00eft i est\u00e0 condicionat a la pr\u00e8via lectura i acceptaci\u00f3 \u00edntegra, expressa i sense reserves de les presents <strong>CONDICIONS GENERALS D\u2019\u00daS<\/strong> vigents al moment de l\u2019acc\u00e9s, que preguem que us llegiu detingudament. <strong>L\u2019USUARI<\/strong>, en el moment que utilitza el nostre portal, els seus continguts o serveis, accepta i se sotmet expressament a les seves condicions generals d\u2019\u00fas. Si l\u2019usuari no estigu\u00e9s d\u2019acord amb les presents condicions d\u2019\u00fas, haur\u00e0 d\u2019abstenir-se d\u2019utilitzar aquest portal i d\u2019operar per mitj\u00e0 seu.<\/p>\r\n<p>El subministrament de dades personals i la compra de productes a trav\u00e9s del nostre portal requereix una edat m\u00ednima de 14 anys o, si s\u2019escau, disposar de capacitat jur\u00eddica suficient per contractar.<\/p>\r\n<p>En qualsevol moment podrem modificar la presentaci\u00f3 i configuraci\u00f3 de la nostra web, ampliar o reduir serveis \u2014i fins i tot suprimir-la de la xarxa\u2014, aix\u00ed com els serveis i continguts prestats, tot aix\u00f2 de forma unilateral i sense previ av\u00eds.<\/p>\r\n<h5>A. Propietat Intel\u00b7lectual<\/h5>\r\n<p>Tots els continguts, textos, imatges i codis font s\u00f3n propietat de <strong>KILIAN RABINAD NOVELIST<\/strong> o de tercers als quals s\u2019han adquirit els drets d\u2019explotaci\u00f3, i estan protegits pels drets de propietat intel\u00b7lectual i industrial.<\/p>\r\n<p><strong>L\u2019usuari<\/strong> \u00fanicament t\u00e9 dret al seu \u00fas privat, sense \u00e0nim de lucre, i necessita autoritzaci\u00f3 expressa per modificar-los, reproduir-los, explotar-los, distribuir-los o qualsevol dret pertanyent al seu titular.<\/p>\r\n<p><strong>KILIAN RABINAD NOVELIST<\/strong> \u00e9s una marca registrada, i est\u00e0 prohibida la seva reproducci\u00f3, imitaci\u00f3, utilitzaci\u00f3 o inserci\u00f3 d\u2019aquesta marca sense la nostra deguda autoritzaci\u00f3.<\/p>\r\n<p>L\u2019establiment d\u2019enlla\u00e7os al nostre portal no hi confereix cap dret. Aix\u00ed mateix, el simple fet d\u2019establir un enlla\u00e7 a la nostra p\u00e0gina web no d\u00f3na dret a atorgar-se la categoria de col\u00b7laborador o soci.<\/p>\r\n<p>Est\u00e0 absolutament prohibida la imitaci\u00f3, ja sigui total o parcial, del nostre portal.<\/p>\r\n<h5>B. Condicions d\u2019acc\u00e9s<\/h5>\r\n<p>L\u2019acc\u00e9s a la nostra p\u00e0gina web \u00e9s gratu\u00eft i no exigeix pr\u00e8via subscripci\u00f3 o registre. No obstant aix\u00f2, l\u2019\u00fas d\u2019alguns dels nostres serveis pot requerir emplenar formularis o la identificaci\u00f3 mitjan\u00e7ant contrasenyes. Aquests serveis quedaran degudament identificats a la web, amb f\u00e0cils indicacions per registrar-se.<\/p>\r\n<p>L\u2019enviament de dades personals implica l\u2019acceptaci\u00f3 expressa per part de <strong>l\u2019USUARI<\/strong> de la nostra pol\u00edtica de privacitat.<\/p>\r\n<p><strong>L\u2019usuari<\/strong> ha d\u2019accedir a la nostra p\u00e0gina web conforme a la bona fe, a les normes d\u2019ordre p\u00fablic i a les presents condicions generals d\u2019\u00fas. L\u2019acc\u00e9s al nostre lloc web es realitza sota la pr\u00f2pia i exclusiva responsabilitat de l\u2019usuari, que respondr\u00e0 en tot cas dels danys i perjudicis que pugui causar a tercers o a nosaltres mateixos.<\/p>\r\n<p><strong>L\u2019usuari<\/strong> t\u00e9 expressament prohibida la utilitzaci\u00f3 i obtenci\u00f3 dels serveis, productes i continguts oferts a la present p\u00e0gina web, per procediments diferents dels estipulats en les presents condicions d\u2019\u00fas i, si s\u2019escau, en les condicions particulars que regulin l\u2019adquisici\u00f3 de determinats productes.<\/p>\r\n<p>Tenint en compte la impossibilitat de control respecte a la informaci\u00f3, continguts i serveis que continguin unes altres websites a les quals es pugui accedir a trav\u00e9s dels enlla\u00e7os que la nostra p\u00e0gina web posa a la vostra disposici\u00f3, us comuniquem que <strong>KILIAN RABINAD NOVELIST<\/strong> queda eximeix de qualsevol responsabilitat pels danys i perjudicis de tota classe que poguessin derivar de la utilitzaci\u00f3 d\u2019aquestes p\u00e0gines web alienes a la nostra empresa per part de l\u2019usuari.<\/p>\r\n<p><strong>KILIAN RABINAD NOVELIST<\/strong> es reserva el dret unilateral i sense preav\u00eds de donar de baixa qualsevol <strong>USUARI<\/strong> que l\u2019organitzaci\u00f3 entengui que ha vulnerat les condicions que regeixen l\u2019\u00fas de la nostra p\u00e0gina web, sense que <strong>l\u2019USUARI<\/strong> tingui dret a reclamaci\u00f3 de cap mena per aquest tipus d\u2019accions. Aix\u00ed mateix, es reserva el dret d\u2019exercitar les accions legals oportunes contra aquells que vulnerin les presents condicions generals d\u2019\u00fas. <strong>L\u2019USUARI<\/strong> accepta que la no iniciaci\u00f3 d\u2019aquestes accions no constitueix una ren\u00fancia formal a emprendre-les, i romanen vigents fins als terminis de prescripci\u00f3 de les infraccions.<\/p>\r\n<h5>C. Pol\u00edtica de privacitat<\/h5>\r\n<p>La confidencialitat i la seguretat s\u00f3n valors primordials de <strong>KILIAN RABINAD NOVELIST<\/strong> i, en conseq\u00fc\u00e8ncia, assumim el comprom\u00eds de garantir la privacitat de l\u2019usuari en tot moment i de no recaptar informaci\u00f3 innecess\u00e0ria sobre l\u2019usuari.<\/p>\r\n<p>De conformitat amb la Llei Org\u00e0nica 15\/1999 de Protecci\u00f3 de Dades de Car\u00e0cter Personal (LOPD) i amb el Reial Decret 1720\/2007 de Desenvolupament de la LOPD, us informem que la utilitzaci\u00f3 de determinats serveis a la nostra p\u00e0gina web requereix que ens faciliteu determinades dades personals a trav\u00e9s de formularis de registre o mitjan\u00e7ant l\u2019enviament de missatges de correu electr\u00f2nic i que aquests seran objecte de tractament i incorporats als fitxers de <strong>KILIAN RABINAD NOVELIST<\/strong>, el seu titular i responsable. L\u2019enviament referit de les dades personals constitueix el consentiment expr\u00e9s a llur tractament, si b\u00e9 de car\u00e0cter revocable i sense efectes retroactius.<\/p>\r\n<p>Aix\u00ed mateix us informem que tots els nostres fitxers es troben legalment inscrits en el Registre General de Dades Personals de l\u2019Ag\u00e8ncia Espanyola de Protecci\u00f3 de Dades, aix\u00ed com que per salvaguardar la seguretat de les vostres dades personals s\u2019aplicaran les mesures de seguretat t\u00e8cniques i organitzatives exigides en el Reial Decret 1720\/2007 que regula el reglament de mesures de seguretat dels fitxers que continguin dades de car\u00e0cter personal.<\/p>\r\n<p>Amb car\u00e0cter general, queda absolutament prohibit facilitar dades personals dels menors de 14 anys sense el consentiment de pares o tutors legals.<\/p>\r\n<p><strong>KILIAN RABINAD NOVELIST<\/strong> es reserva el dret de decidir la incorporaci\u00f3 o no de les vostres dades personals als seus fitxers. L\u2019usuari ser\u00e0 l\u2019\u00fanic responsable de qualsevol dany o perjudici, directe i indirecte, que ens ocasioni a nosaltres o a qualsevol tercer per omplir els formularis amb dades falses o inexactes, incomplets, no actualitzats, o amb dades de tercers.<\/p>\r\n<h5>Quines dades sol\u00b7licitem i amb quina finalitat?<\/h5>\r\n<p>Les dades que us sol\u00b7licitem s\u00f3n les adequades, pertinents i estrictament necess\u00e0ries per a la finalitat per a la qual es recullen, i en cap cas esteu obligats a facilitar-nos-les. No obstant aix\u00f2, tots s\u00f3n d\u2019obligada resposta per poder complir la finalitat de la seva sol\u00b7licitud.<\/p>\r\n<p>La nostra p\u00e0gina web recull les vostres dades personals mitjan\u00e7ant la recepci\u00f3 de diversos formularis i a trav\u00e9s del correu electr\u00f2nic:<\/p>\r\n<p>En la secci\u00f3 <strong>USUARIS<\/strong> us sol\u00b7licitem les dades personals per registrar-vos com a usuari a la nostra web i accedir als serveis que exigeixen registre previ, aix\u00ed com per facilitar-vos informacions sobre els nostres productes que considerem del vostre inter\u00e8s.<\/p>\r\n<p>Aix\u00ed mateix, en la secci\u00f3 <strong>CONTACTA&#8217;M<\/strong>, posem a la vostra disposici\u00f3 l\u2019adre\u00e7a de correu electr\u00f2nic: <a href=\"mailto:hola@kilianrabinad.com\">hola@kilianrabinad.com<\/a>, amb la finalitat que ens sol\u00b7liciteu qualsevol tipus d\u2019informaci\u00f3 o aclariment. Si incloeu dades personals en el vostre correu electr\u00f2nic, o la vostra adre\u00e7a cont\u00e9 dades personals, ens autoritzeu a incorporar-los als nostres fitxers corresponents.<br \/>En tots aquests casos les vostres dades seran incorporades a un fitxer de GESTI\u00d3. L\u2019acceptaci\u00f3 de les presents pol\u00edtiques de privacitat implica el consentiment de <strong>l\u2019usuari<\/strong> per rebre les nostres informacions comercials relacionades amb l\u2019activitat de <strong>KILIAN RABINAD NOVELIST<\/strong>, inclusivament per mitjans electr\u00f2nics, sempre que no ens indiqueu el contrari al correu electr\u00f2nic <a href=\"mailto:hola@kilianrabinad.com\">hola@kilianrabinad.com<\/a>.<\/p>\r\n<p><strong>KILIAN RABINAD NOVELIST<\/strong> es reserva el dret de decidir la incorporaci\u00f3 o no de les vostres dades personals als seus fitxers.<\/p>\r\n<h5>Drets d\u2019acc\u00e9s, rectificaci\u00f3, cancel\u00b7laci\u00f3 i oposici\u00f3 de les vostres dades personals<\/h5>\r\n<p>En qualsevol moment podeu exercir els vostres drets d\u2019acc\u00e9s, rectificaci\u00f3, cancel\u00b7laci\u00f3 i oposici\u00f3, en els termes establerts legalment, dirigint-vos a l\u2019adre\u00e7a seg\u00fcent: <strong>KILIAN RABINAD NOVELIST<\/strong> &#8211; C\/ Bisbe Strauch, 14 \u2013 08500 Vic.<\/p>\r\n<p>Considerem que si no cancel\u00b7leu les vostres dades personals expressament dels nostres fitxers, continueu interessats a seguir-hi incorporats fins que ho considerem oport\u00fa i mentre sigui adequat a la finalitat per a la qual es van obtenir.<\/p>\r\n<h5>Comunicacions de dades<\/h5>\r\n<p>Us informem que les vostres dades s\u00f3n tractades amb la m\u00e0xima confidencialitat i que s\u00f3n utilitzades exclusivament de manera interna i per a les finalitats indicades. De manera que no cedim ni comuniquem a cap tercer les seves dades, a excepci\u00f3 que <strong>l\u2019usuari<\/strong> ens ho autoritzi expressament, en els casos legalment previstos.<\/p>\r\n<h5>Seguretat de les vostres dades personals<\/h5>\r\n<p>Amb l\u2019objectiu de salvaguardar la seguretat de les vostres dades personals, us informem que hem adoptat totes les mesures d\u2019\u00edndole t\u00e8cnica i organitzativa necess\u00e0ries per garantir la seguretat de les dades personals subministrades de la seva alteraci\u00f3, p\u00e8rdua i tractaments o accessos no autoritzats, tal com exigeix el Reial Decret 1720\/2007, que regula el reglament de mesures de seguretat dels fitxers que continguin dades de car\u00e0cter personal.<\/p>\r\n<p><strong>Actualitzaci\u00f3 de les vostres dades<\/strong><\/p>\r\n<p>\u00c9s important que, perqu\u00e8 puguem mantenir les vostres dades personals actualitzades, ens informeu sempre que hi hagi hagut alguna modificaci\u00f3; en cas contrari, no responem de la seva veracitat.<\/p>\r\n<h5>Comunicacions comercials per correu electr\u00f2nic<\/h5>\r\n<p>Tenint en compte que el principal mitj\u00e0 de comunicaci\u00f3 entre <strong>KILIAN RABINAD NOVELIST<\/strong> i <strong>l\u2019USUARI<\/strong> \u00e9s per mitj\u00e0 de l\u2019adre\u00e7a de correu electr\u00f2nic facilitada, us informem que utilitzarem aquest mitj\u00e0 per a totes la comunicacions amb els <strong>USUARIS<\/strong>, incloses les informacions comercials o notes informatives relacionades amb la finalitat del nostre portal i, en conseq\u00fc\u00e8ncia, en compliment de l\u2019article 21 de la Llei de Serveis de la Societat de la Informaci\u00f3 i Comer\u00e7 Electr\u00f2nic, que prohibeix l\u2019enviament de comunicacions comercials a trav\u00e9s del correu electr\u00f2nic que pr\u00e8viament no hagin estat autoritzades expressament pels seus destinataris, us informem que l\u2019acceptaci\u00f3 de les presents condicions d\u2019\u00fas implica la seva autoritzaci\u00f3 expressament per remetre-us els nostres enviaments comercials, not\u00edcies i agenda de propers esdeveniments publicitaris i promocionals. No obstant aix\u00f2, si no desitgeu rebre les nostres comunicacions comercials per correu electr\u00f2nic, podeu oposar-vos-hi comunicant-ho l\u2019adre\u00e7a <a href=\"mailto:hola@kilianrabinad.com\">hola@kilianrabinad.com<\/a>.<\/p>\r\n<p>No ens fem responsables de la pol\u00edtica de privacitat respecte a les dades personals que es puguin facilitar a tercers per mitj\u00e0 dels enlla\u00e7os disponibles a la nostra p\u00e0gina web.<\/p>\r\n<p><strong>KILIAN RABINAD NOVELIST<\/strong> pot modificar les presents pol\u00edtiques de privacitat per adaptar-les a les modificacions que es produeixin a la nostra web, aix\u00ed com a modificacions legislatives o jurisprudencials sobre dades personals que vagin apareixent, per la qual cosa exigeix la seva lectura, cada vegada que ens faciliteu les vostres dades a trav\u00e9s d\u2019aquesta web.<\/p>\r\n<h4>D. Responsabilitats<\/h4>\r\n<p>En posar a la disposici\u00f3 de <strong>l\u2019usuari<\/strong> aquesta p\u00e0gina web volem oferir-li tot un seguit de continguts i serveis de qualitat, utilitzant la m\u00e0xima dilig\u00e8ncia en la seva prestaci\u00f3 aix\u00ed com en els mitjans tecnol\u00f2gics utilitzats. No obstant aix\u00f2, no respondrem de la pres\u00e8ncia de virus i altres elements que d\u2019alguna manera puguin danyar el sistema inform\u00e0tic de l\u2019usuari.<\/p>\r\n<p><strong>L\u2019USUARI<\/strong> assumeix l\u2019exempci\u00f3 de qualsevol responsabilitat de <strong>KILIAN RABINAD NOVELIST<\/strong> per causes de for\u00e7a major, incloses les fallades tecnol\u00f2giques pr\u00f2pies o alienes derivades de l\u2019estat actual de la tecnologia.<\/p>\r\n<p><strong>L\u2019USUARI<\/strong> t\u00e9 prohibit qualsevol tipus d\u2019acci\u00f3 sobre el nostre portal que origini una excessiva sobrec\u00e0rrega de funcionament als nostres sistemes inform\u00e0tics, aix\u00ed com la introducci\u00f3 de virus, o instal\u00b7laci\u00f3 de robots, o programari que alteri el normal funcionament de la nostra web, o que en definitiva pugui causar danys als nostres sistemes inform\u00e0tics.<\/p>\r\n<p><strong>L\u2019USUARI<\/strong> assumeix tota la responsabilitat derivada de l\u2019\u00fas de la nostra p\u00e0gina web, i \u00e9s l\u2019\u00fanic responsable de tot efecte directe o indirecte que sobre la p\u00e0gina web es derivi, incloent, de forma enunciativa i no limitativa, tot resultat econ\u00f2mic, t\u00e8cnic i\/o jur\u00eddic advers, aix\u00ed com la defraudaci\u00f3 de les expectatives generades pel nostre portal. <strong>L\u2019USUARI<\/strong> s\u2019obliga a mantenir indemne a <strong>KILIAN RABINAD NOVELIST<\/strong> davant qualsevol reclamaci\u00f3 derivada, directament o indirectament, de tals fets.<\/p>\r\n<p><strong>KILIAN RABINAD NOVELIST<\/strong> queda exonerada de responsabilitat per qualsevol reclamaci\u00f3 respecte als drets de propietat intel\u00b7lectual dels articles i imatges publicades al seu portal. Tampoc no garanteix l\u2019exactitud, veracitat i vig\u00e8ncia dels continguts d\u2019aquesta p\u00e0gina web, ja siguin propis, de tercers, o enlla\u00e7ables a altres websites, i queda totalment exonerada de qualsevol responsabilitat derivada del seu \u00fas.<\/p>\r\n<p><strong>KILIAN RABINAD NOVELIST<\/strong> queda exonerat de qualsevol responsabilitat derivada de qualsevol reclamaci\u00f3, incl\u00f2s el pagament d\u2019honoraris a advocats, per les demandes i reclamacions originades per tercers per l\u2019incompliment per part de <strong>l\u2019USUARI<\/strong> de les nostres condicions d\u2019\u00fas, acc\u00e9s i pol\u00edtica de privacitat, o qualsevol altra reclamaci\u00f3 per l\u2019incompliment de la legislaci\u00f3 vigent.<\/p>\r\n<p><strong>L\u2019USUARI<\/strong> reconeix que ha ent\u00e8s tota la informaci\u00f3 respecte a les condicions d\u2019\u00fas del nostre portal, i reconeix que s\u00f3n suficients per excloure\u2019n l\u2019error i, per tant, les accepta \u00edntegrament i expressament.<\/p>\r\n<p><strong>L\u2019USUARI<\/strong> \u00e9s plenament conscient que la mera navegaci\u00f3 per la present p\u00e0gina web, aix\u00ed com la utilitzaci\u00f3 dels seus serveis, implica l\u2019acceptaci\u00f3 de les presents condicions d\u2019\u00fas.<\/p>\r\n<p>Tot el referent a la nostra p\u00e0gina web es regeix exclusivament per les lleis espanyoles. En el cas que es produeixi qualsevol tipus de discrep\u00e0ncia o difer\u00e8ncia entre les parts en relaci\u00f3 amb la interpretaci\u00f3 i contingut de la present p\u00e0gina web, totes les parts se sotmeten, amb ren\u00fancia expressa a qualsevol altre fur, als Jutjats i Tribunals competents en cada cas.<\/p>\r\n<h5>D. Vig\u00e8ncia de les condicions generals d\u2019acc\u00e9s a la web<\/h5>\r\n<p>Les presents Condicions Generals d\u2019\u00das han estat modificades amb data 10\/12\/2015. En qualsevol moment podem procedir a la seva modificaci\u00f3: per favor, comproveu la data d\u2019emissi\u00f3 en cada ocasi\u00f3 en qu\u00e8 us connecteu a la nostra p\u00e0gina web i aix\u00ed tindreu la certesa que no s\u2019ha produ\u00eft cap modificaci\u00f3 que li afecti.<\/p>\r\n<p>Per a qualsevol q\u00fcesti\u00f3 respecte a les Condicions d\u2019\u00das de la nostra p\u00e0gina web, podeu posar-vos en contacte amb nosaltres als enlla\u00e7os a dalt indicats.<\/p>\r\n<p>[\/vc_column_text][\/vc_column][\/vc_row]<\/p><\/div>","protected":false},"excerpt":{"rendered":"<p>[vc_row][vc_column][vc_column_text el_class=\u00bb\u00bb] Av\u00eds Legal i Pol\u00edtica de Privacitat \u00a0 INFORMACI\u00d3 LEGAL Amb la finalitat de complir amb la legalitat vigent i atorgar seguretat i confian\u00e7a a tots els nostres usuaris, [&hellip;]<\/p>\n","protected":false},"author":1,"featured_media":0,"parent":0,"menu_order":0,"comment_status":"closed","ping_status":"closed","template":"","meta":{"inline_featured_image":false,"footnotes":""},"class_list":["post-2961","page","type-page","status-publish","hentry"],"_links":{"self":[{"href":"https:\/\/www.kilianrabinad.com\/es\/wp-json\/wp\/v2\/pages\/2961","targetHints":{"allow":["GET"]}}],"collection":[{"href":"https:\/\/www.kilianrabinad.com\/es\/wp-json\/wp\/v2\/pages"}],"about":[{"href":"https:\/\/www.kilianrabinad.com\/es\/wp-json\/wp\/v2\/types\/page"}],"author":[{"embeddable":true,"href":"https:\/\/www.kilianrabinad.com\/es\/wp-json\/wp\/v2\/users\/1"}],"replies":[{"embeddable":true,"href":"https:\/\/www.kilianrabinad.com\/es\/wp-json\/wp\/v2\/comments?post=2961"}],"version-history":[{"count":1,"href":"https:\/\/www.kilianrabinad.com\/es\/wp-json\/wp\/v2\/pages\/2961\/revisions"}],"predecessor-version":[{"id":3757,"href":"https:\/\/www.kilianrabinad.com\/es\/wp-json\/wp\/v2\/pages\/2961\/revisions\/3757"}],"wp:attachment":[{"href":"https:\/\/www.kilianrabinad.com\/es\/wp-json\/wp\/v2\/media?parent=2961"}],"curies":[{"name":"wp","href":"https:\/\/api.w.org\/{rel}","templated":true}]}}