{"id":2955,"date":"2023-04-07T11:09:06","date_gmt":"2023-04-07T11:09:06","guid":{"rendered":"https:\/\/www.kilianrabinad.com\/politiques-de-venda-i-devolucio\/"},"modified":"2023-04-07T11:09:06","modified_gmt":"2023-04-07T11:09:06","slug":"politiques-de-venda-i-devolucio","status":"publish","type":"page","link":"https:\/\/www.kilianrabinad.com\/es\/politiques-de-venda-i-devolucio\/","title":{"rendered":"Pol\u00edtiques de venda i devoluci\u00f3"},"content":{"rendered":"<h1 style=\"text-align: center;\">Pol\u00edtiques de venda i devoluci\u00f3<\/h1>\n<p>El client, a l&#8217;hora de realizar una comanda al web <a href=\"http:\/\/www.kilianrabinad.com,\">www.kilianrabinad.com,<\/a>\u00a0n&#8217;accepta les condicions generals de venda.<\/p>\n<p>El comprador, t\u00e9 la possibilitat de realitzar les seves compres a trav\u00e9s del web <a href=\"http:\/\/www.kilianrabinad.com,\">www.kilianrabinad.com,<\/a>\u00a0garantint-ne que \u00e9s el titular de la targeta de pagament que utilitzi.<\/p>\n<p>Al clicar en el bot\u00f3 \u00abcomprar\u00bb durant el proc\u00e9s de realitzaci\u00f3 de la seva comanda, el comprador declara acceptar-ne plenament la totalitat de les presents Condicions Generals de Venda que, en qualsevol cas, podran ser impreses pel comprador per a la seva reproducci\u00f3 quan aquest ho consideri necessari.<\/p>\n<p>Les dades arxivades per <a href=\"http:\/\/www.kilianrabinad.com,\">www.kilianrabinad.com,<\/a>\u00a0constitueixen la prova de totes les transaccions realitzades entre empresa i comprador.<\/p>\n<h2>*Preu<\/h2>\n<p>Els preus dels articles ax\u00ed com les despeses d&#8217;enviament que aparaixen a la botiga online de <a href=\"http:\/\/www.kilianrabinad.com,\">www.kilianrabinad.com,<\/a>\u00a0ja inclouen l&#8217;Impost sobre el Valor Afegit (IVA).<\/p>\n<h2>*Lliuraments<\/h2>\n<p>El termini de lliurament \u00e9s de dos a cinc dies laborables per a comandes realitzades abans de les 12:00am (*)<\/p>\n<p>(*) Si b\u00e9, poden variar en funci\u00f3 de la localitzaci\u00f3 del comprador.<\/p>\n<h2>*Pagament<\/h2>\n<p>El pagament s&#8217;efectur\u00e0 mitjan\u00e7ant targeta de d\u00e8bit o de cr\u00e8dit.<\/p>\n<p>Quan el client comprador seleccioni aquesta opci\u00f3, ser\u00e0 dirigit a una passarel\u00b7la de pagament segura, per a que en pugui introduir les dades de la seva targeta de d\u00e8bit o de cr\u00e8dit, per tal d&#8217;efectuar-ne el pagament. L&#8217;empresa, mitjan\u00e7ant el seu portal <a href=\"http:\/\/www.kilianrabinad.com\">www.kilianrabinad.com<\/a>\u00a0no t\u00e9 acc\u00e9s a les dades de la targeta.<\/p>\n<h2>*Devolucions<\/h2>\n<p>Les causes per les quals pot ser retornat un article, s\u00f3n limitades. En qualsevol cas, tots els productes que es comercialitzen mitjan\u00e7ant aquest portal web, han estat revisats i comprovats abans del seu enviament. \u00c9s per aix\u00f2 que, recomanem que, abans d&#8217;acceptar qualsevol embalum, el client comprador pugui assegurar que l&#8217;embalatge es troba en bon estat. En cas que aix\u00f2 no sigui aix\u00ed, NO ACCEPTI LA COMANDA, i posi&#8217;s en contacte amb <a href=\"http:\/\/www.kilianrabinad.com\">www.kilianrabinad.com<\/a>\u00a0per tal de notificar-ne la incid\u00e8ncia. Signant el comprovant de recepci\u00f3 de l&#8217;ag\u00e8ncia, el client comprador accepta impl\u00edcitament que l&#8217;embalum es troba en perfectes condicions; per la qual cosa, si aquest ha sofert alguna mena de dany, l&#8217;empresa de missatgeria no es far\u00e0 c\u00e0rrec de posteriors reclamacions un cop el client comprador n&#8217;hagi donat el seu vist-i-plau. Igualment, <a href=\"http:\/\/www.kilianrabinad\">www.kilianrabinad.com <\/a>no tindr\u00e0 cap obligaci\u00f3 en acceptar una devoluci\u00f3 amb desperfectes en els articles si abans se n&#8217;havia donat la conformitat de que es trobaven en perfecte estat.<\/p>\n<p>Si per a qualsevol motiu, el client comprador no queda satisfet amb el seu producte adquirit a trav\u00e9s de la botiga online de <a href=\"http:\/\/www.kilianrabinad.com,\">www.kilianrabinad.com,<\/a>\u00a0disposa d&#8217;un termini de catorze dies, a comptar des de la data d&#8217;entrega, per a retornar-lo. Abans per\u00f2 d&#8217;efectuar-ne el retorn, el client comprador, haur\u00e0 de posar-se en contacte necess\u00e0riament amb <a href=\"http:\/\/www.kilianrabinad.com\">www.kilianrabinad.com<\/a>\u00a0en el termini indicat, mitjan\u00e7ant correu electr\u00f2nic, on se l&#8217;indicar\u00e0 el procediment a seguir per tal de retornar-lo.<\/p>\n<p>Qualsevol devoluci\u00f3 sense comunicaci\u00f3 pr\u00e8via a <a href=\"http:\/\/www.kilianrabinad.com,\">www.kilianrabinad.com,<\/a>\u00a0no podr\u00e0 ser acceptada. Per a que sigui possible admetre una devoluci\u00f3, tant el producte com el seu embalatge hauran d&#8217;estar en perfectes condicions. El client comprador, en cas de voler efectuar-ne el retorn de l&#8217;article adquirit a <a href=\"http:\/\/www.kilianrabinad.com,\">www.kilianrabinad.com,<\/a>\u00a0haur\u00e0 de preparar el producte per tal d&#8217;assegurar-ne que, durant el seu transport, no patir\u00e0 danys a conseq\u00fc\u00e8ncia d&#8217;un mal embalatge. Un cop rebut i comprovat que el producte es troba en el mateix estat que es va enviar, es procedir\u00e0 al reintegrament de l&#8217;import d&#8217;acord amb el client comprador. Naturalment, no es podran acceptar articles que s&#8217;hagin dedicat personalment.<\/p>\n<h2>Causes admeses per a la devoluci\u00f3 de productes:<\/h2>\n<p>Que l&#8217;article lliurat no correspongui a la comanda realitzada.<\/p>\n<p>Si per algun motiu, el termini de lliurament de la comanda \u00e9s superior al termini de lliurament establert, mitjan\u00e7ant el portal <a href=\"http:\/\/www.kilianrabinad.com,\">www.kilianrabinad.com,<\/a>\u00a0ens posarem en contacte amb el client comprador indicant-li la data aproximada de l&#8217;enviament. No obstant, si la demora difereix en molt el termini normal de lliurament, i el client comprador manifesta no estar ja interessat en l&#8217;adquisici\u00f3 del producte, quan aquest ja s&#8217;hagi enviat, recomanem que no accepti l&#8217;enviament. Aix\u00ed d&#8217;aquesta forma, no haur\u00e0 de c\u00f3rrer amb les despeses de la devoluci\u00f3.<\/p>\n<p>Per a que una devoluci\u00f3 o retorn d&#8217;un article pugui ser acceptada, s&#8217;haur\u00e0 de poder fer l&#8217;enviament de l&#8217;embalum en perfecte estat.<\/p>\n<h2>Procediment establert per al retorn o devoluci\u00f3 d&#8217;articles adquirits a <a href=\"http:\/\/www.kilianrabinad.com\">www.kilianrabinad.com:<\/a><\/h2>\n<p>En cas que el client comprador vulgui efectuar un retorn o devoluci\u00f3, haur\u00e0 de posar-se en contacte amb el portal <a href=\"http:\/\/www.kilianrabinad.com\">www.kilianrabinad.com<\/a>\u00a0mitjan\u00e7ant correu electr\u00f2nic a <a href=\"mailto:hola@kilianrabinad.com,\">hola@kilianrabinad.com,<\/a>\u00a0indicant-ne el n\u00famero de comanda aix\u00ed com les causes de la devoluci\u00f3 o retorn de l&#8217;article o articles adquirits a la botiga online de <a href=\"http:\/\/www.kilianrabinad.com\">www.kilianrabinad.com<\/a><\/p>\n<p>Un cop facilitades aquestes dades, el client comprador, rebr\u00e0 l&#8217;autoritzaci\u00f3 per a poder enviar l&#8217;article de retorn a l&#8217;adre\u00e7a que se li indiqui, i, un cop es verifiqui que l&#8217;estat del producte retornat \u00e9s \u00f2ptim, es procedir\u00e0 al reemborsament del pagament de la compra.<\/p>\n<p>Les despeses derivades de les devolucions aniran a c\u00e0rrec del client comprador.<\/p>\n<p>La Llei d&#8217;Ordenaci\u00f3 del Comer\u00e7 Minorista estableix un termini m\u00e0xim de catorze dies naturals a comptar des del lliurament de la comanda per a poder efectuar-ne algun tipus de reclamaci\u00f3. Un cop transcorregut aquest termini, no podr\u00e0 ser admesa qualsevol altra relcamaci\u00f3.<\/p>\n","protected":false},"excerpt":{"rendered":"<p>Pol\u00edtiques de venda i devoluci\u00f3 El client, a l&#8217;hora de realizar una comanda al web www.kilianrabinad.com,\u00a0n&#8217;accepta les condicions generals de venda. El comprador, t\u00e9 la possibilitat de realitzar les seves [&hellip;]<\/p>\n","protected":false},"author":1,"featured_media":0,"parent":0,"menu_order":0,"comment_status":"closed","ping_status":"closed","template":"","meta":{"inline_featured_image":false,"footnotes":""},"class_list":["post-2955","page","type-page","status-publish","hentry"],"_links":{"self":[{"href":"https:\/\/www.kilianrabinad.com\/es\/wp-json\/wp\/v2\/pages\/2955","targetHints":{"allow":["GET"]}}],"collection":[{"href":"https:\/\/www.kilianrabinad.com\/es\/wp-json\/wp\/v2\/pages"}],"about":[{"href":"https:\/\/www.kilianrabinad.com\/es\/wp-json\/wp\/v2\/types\/page"}],"author":[{"embeddable":true,"href":"https:\/\/www.kilianrabinad.com\/es\/wp-json\/wp\/v2\/users\/1"}],"replies":[{"embeddable":true,"href":"https:\/\/www.kilianrabinad.com\/es\/wp-json\/wp\/v2\/comments?post=2955"}],"version-history":[{"count":0,"href":"https:\/\/www.kilianrabinad.com\/es\/wp-json\/wp\/v2\/pages\/2955\/revisions"}],"wp:attachment":[{"href":"https:\/\/www.kilianrabinad.com\/es\/wp-json\/wp\/v2\/media?parent=2955"}],"curies":[{"name":"wp","href":"https:\/\/api.w.org\/{rel}","templated":true}]}}